{"id":8540,"date":"2019-07-29T13:16:12","date_gmt":"2019-07-29T11:16:12","guid":{"rendered":"https:\/\/www.esclapes.com\/?page_id=8540"},"modified":"2019-12-11T11:30:48","modified_gmt":"2019-12-11T10:30:48","slug":"work-with-us","status":"publish","type":"page","link":"https:\/\/www.esclapes.com\/en\/work-with-us\/","title":{"rendered":"Work with Us"},"content":{"rendered":"<div class=\"wpb-content-wrapper\"><p>[vc_row css_animation=&#8221;&#8221; row_type=&#8221;row&#8221; use_row_as_full_screen_section=&#8221;no&#8221; type=&#8221;full_width&#8221; angled_section=&#8221;no&#8221; text_align=&#8221;left&#8221; background_image_as_pattern=&#8221;without_pattern&#8221;][vc_column][vc_column_text]If you are interested in working \/ collaborating with us, complete the form below and attach your CV. We will receive an email with your information and after reviewing your request, we will respond by e-mail as soon as possible.<\/p>\n<p>Please specify whether you are a professional seeking employment or a supplier offering your services.[\/vc_column_text][vc_empty_space]\n<div class=\"wpcf7 no-js\" id=\"wpcf7-f4390-o1\" lang=\"es-ES\" dir=\"ltr\" data-wpcf7-id=\"4390\">\n<div class=\"screen-reader-response\"><p role=\"status\" aria-live=\"polite\" aria-atomic=\"true\"><\/p> <ul><\/ul><\/div>\n<form action=\"\/en\/wp-json\/wp\/v2\/pages\/8540#wpcf7-f4390-o1\" method=\"post\" class=\"wpcf7-form init default\" aria-label=\"Formulario de contacto\" enctype=\"multipart\/form-data\" novalidate=\"novalidate\" data-status=\"init\">\n<fieldset class=\"hidden-fields-container\"><input type=\"hidden\" name=\"_wpcf7\" value=\"4390\" \/><input type=\"hidden\" name=\"_wpcf7_version\" value=\"6.1.5\" \/><input type=\"hidden\" name=\"_wpcf7_locale\" value=\"es_ES\" \/><input type=\"hidden\" name=\"_wpcf7_unit_tag\" value=\"wpcf7-f4390-o1\" \/><input type=\"hidden\" name=\"_wpcf7_container_post\" value=\"0\" \/><input type=\"hidden\" name=\"_wpcf7_posted_data_hash\" value=\"\" \/><input type=\"hidden\" name=\"_wpcf7_recaptcha_response\" value=\"\" \/>\n<\/fieldset>\n<p><label> Select: (*) <\/label><br \/>\n<span class=\"wpcf7-form-control-wrap\" data-name=\"tipo\"><span class=\"wpcf7-form-control wpcf7-radio\"><span class=\"wpcf7-list-item first\"><input type=\"radio\" name=\"tipo\" value=\"Professional\" checked=\"checked\" \/><span class=\"wpcf7-list-item-label\">Professional<\/span><\/span><span class=\"wpcf7-list-item last\"><input type=\"radio\" name=\"tipo\" value=\"Provider\" \/><span class=\"wpcf7-list-item-label\">Provider<\/span><\/span><\/span><\/span>\n<\/p>\n<p><label> Name and surname: (*)<br \/>\n<span class=\"wpcf7-form-control-wrap\" data-name=\"nombre\"><input size=\"40\" maxlength=\"400\" class=\"wpcf7-form-control wpcf7-text wpcf7-validates-as-required camponombre\" aria-required=\"true\" aria-invalid=\"false\" value=\"\" type=\"text\" name=\"nombre\" \/><\/span> <\/label>\n<\/p>\n<p><label> E-mail: (*)<br \/>\n<span class=\"wpcf7-form-control-wrap\" data-name=\"email\"><input size=\"40\" maxlength=\"400\" class=\"wpcf7-form-control wpcf7-email wpcf7-validates-as-required wpcf7-text wpcf7-validates-as-email campoemail\" aria-required=\"true\" aria-invalid=\"false\" value=\"\" type=\"email\" name=\"email\" \/><\/span> <\/label>\n<\/p>\n<p><label> Phone number:<br \/>\n<span class=\"wpcf7-form-control-wrap\" data-name=\"telefono\"><input size=\"40\" maxlength=\"400\" class=\"wpcf7-form-control wpcf7-text campotlf\" aria-invalid=\"false\" value=\"\" type=\"text\" name=\"telefono\" \/><\/span> <\/label>\n<\/p>\n<p><label> About you \/ Comments:<br \/>\n<span class=\"wpcf7-form-control-wrap\" data-name=\"resumen\"><textarea cols=\"40\" rows=\"10\" maxlength=\"2000\" class=\"wpcf7-form-control wpcf7-textarea camporesumen\" aria-invalid=\"false\" name=\"resumen\"><\/textarea><\/span> <\/label>\n<\/p>\n<p><label> Attach CV or document:<br \/>\n<span class=\"wpcf7-form-control-wrap\" data-name=\"ficherocv\"><input size=\"40\" class=\"wpcf7-form-control wpcf7-file\" accept=\".pdf,.doc,.docx\" aria-invalid=\"false\" type=\"file\" name=\"ficherocv\" \/><\/span> <\/label>\n<\/p>\n<p><label> I have read and accept the <a href=\"https:\/\/www.esclapes.com\/politica-privacidad\/\" target=\"_blank\">Privacy Policy<\/a> (*)<br \/>\n<span class=\"wpcf7-form-control-wrap\" data-name=\"aceptoPP\"><span class=\"wpcf7-form-control wpcf7-acceptance\"><span class=\"wpcf7-list-item\"><input type=\"checkbox\" name=\"aceptoPP\" value=\"1\" aria-invalid=\"false\" \/><\/span><\/span><\/span><br \/>\n<input class=\"wpcf7-form-control wpcf7-submit has-spinner\" type=\"submit\" value=\"Send data\" \/><\/label>\n<\/p><div class=\"wpcf7-response-output\" aria-hidden=\"true\"><\/div>\n<\/form>\n<\/div>\n[\/vc_column][\/vc_row]<\/p>\n<\/div>","protected":false},"excerpt":{"rendered":"<p>[vc_row css_animation=&#8221;&#8221; row_type=&#8221;row&#8221; use_row_as_full_screen_section=&#8221;no&#8221; type=&#8221;full_width&#8221; angled_section=&#8221;no&#8221; text_align=&#8221;left&#8221; background_image_as_pattern=&#8221;without_pattern&#8221;][vc_column][vc_column_text]If you are interested in working \/ collaborating with us, complete the form below and attach your CV. We will receive an email with your information and after reviewing your request, we will respond by e-mail as soon&#8230;<\/p>\n","protected":false},"author":1,"featured_media":0,"parent":0,"menu_order":0,"comment_status":"closed","ping_status":"closed","template":"","meta":{"rs_blank_template":"","rs_page_bg_color":"","slide_template_v7":"","footnotes":""},"class_list":["post-8540","page","type-page","status-publish","hentry"],"yoast_head":"<!-- This site is optimized with the Yoast SEO Premium plugin v24.9 (Yoast SEO v27.4) - https:\/\/yoast.com\/product\/yoast-seo-premium-wordpress\/ -->\n<title>Work with Us - Esclap\u00e9s e Hijos, S.L.<\/title>\n<meta name=\"robots\" content=\"index, follow, max-snippet:-1, max-image-preview:large, max-video-preview:-1\" \/>\n<link rel=\"canonical\" href=\"https:\/\/www.esclapes.com\/en\/work-with-us\/\" \/>\n<meta property=\"og:locale\" content=\"en_US\" \/>\n<meta property=\"og:type\" content=\"article\" \/>\n<meta property=\"og:title\" content=\"Work with Us\" \/>\n<meta property=\"og:description\" content=\"[vc_row css_animation=&#8221;&#8221; row_type=&#8221;row&#8221; use_row_as_full_screen_section=&#8221;no&#8221; type=&#8221;full_width&#8221; angled_section=&#8221;no&#8221; text_align=&#8221;left&#8221; background_image_as_pattern=&#8221;without_pattern&#8221;][vc_column][vc_column_text]If you are interested in working \/ collaborating with us, complete the form below and attach your CV. We will receive an email with your information and after reviewing your request, we will respond by e-mail as soon...\" \/>\n<meta property=\"og:url\" content=\"https:\/\/www.esclapes.com\/en\/work-with-us\/\" \/>\n<meta property=\"og:site_name\" content=\"Esclap\u00e9s e Hijos, S.L.\" \/>\n<meta property=\"article:modified_time\" content=\"2019-12-11T10:30:48+00:00\" \/>\n<meta name=\"twitter:card\" content=\"summary_large_image\" \/>\n<meta name=\"twitter:label1\" content=\"Est. reading time\" \/>\n\t<meta name=\"twitter:data1\" content=\"1 minute\" \/>\n<script type=\"application\/ld+json\" class=\"yoast-schema-graph\">{\"@context\":\"https:\\\/\\\/schema.org\",\"@graph\":[{\"@type\":\"WebPage\",\"@id\":\"https:\\\/\\\/www.esclapes.com\\\/en\\\/work-with-us\\\/\",\"url\":\"https:\\\/\\\/www.esclapes.com\\\/en\\\/work-with-us\\\/\",\"name\":\"Work with Us - Esclap\u00e9s e Hijos, S.L.\",\"isPartOf\":{\"@id\":\"https:\\\/\\\/www.esclapes.com\\\/en\\\/#website\"},\"datePublished\":\"2019-07-29T11:16:12+00:00\",\"dateModified\":\"2019-12-11T10:30:48+00:00\",\"breadcrumb\":{\"@id\":\"https:\\\/\\\/www.esclapes.com\\\/en\\\/work-with-us\\\/#breadcrumb\"},\"inLanguage\":\"en-US\",\"potentialAction\":[{\"@type\":\"ReadAction\",\"target\":[\"https:\\\/\\\/www.esclapes.com\\\/en\\\/work-with-us\\\/\"]}]},{\"@type\":\"BreadcrumbList\",\"@id\":\"https:\\\/\\\/www.esclapes.com\\\/en\\\/work-with-us\\\/#breadcrumb\",\"itemListElement\":[{\"@type\":\"ListItem\",\"position\":1,\"name\":\"Portada\",\"item\":\"https:\\\/\\\/www.esclapes.com\\\/en\\\/\"},{\"@type\":\"ListItem\",\"position\":2,\"name\":\"Work with Us\"}]},{\"@type\":\"WebSite\",\"@id\":\"https:\\\/\\\/www.esclapes.com\\\/en\\\/#website\",\"url\":\"https:\\\/\\\/www.esclapes.com\\\/en\\\/\",\"name\":\"Esclap\u00e9s e Hijos, S.L.\",\"description\":\"Construcci\u00f3n de naves industriales y rehabilitaci\u00f3n de edificios, pilares, estructura, fachadas en todo tipo edificios. Ofrecemos buen precio y mejor calidad.\",\"publisher\":{\"@id\":\"https:\\\/\\\/www.esclapes.com\\\/en\\\/#organization\"},\"potentialAction\":[{\"@type\":\"SearchAction\",\"target\":{\"@type\":\"EntryPoint\",\"urlTemplate\":\"https:\\\/\\\/www.esclapes.com\\\/en\\\/?s={search_term_string}\"},\"query-input\":{\"@type\":\"PropertyValueSpecification\",\"valueRequired\":true,\"valueName\":\"search_term_string\"}}],\"inLanguage\":\"en-US\"},{\"@type\":[\"Organization\",\"Place\"],\"@id\":\"https:\\\/\\\/www.esclapes.com\\\/en\\\/#organization\",\"name\":\"Esclap\u00e9s e Hijos, S.L.\",\"alternateName\":\"Esclap\u00e9s e Hijos\",\"url\":\"https:\\\/\\\/www.esclapes.com\\\/en\\\/\",\"logo\":{\"@id\":\"https:\\\/\\\/www.esclapes.com\\\/en\\\/work-with-us\\\/#local-main-organization-logo\"},\"image\":{\"@id\":\"https:\\\/\\\/www.esclapes.com\\\/en\\\/work-with-us\\\/#local-main-organization-logo\"},\"sameAs\":[\"https:\\\/\\\/www.linkedin.com\\\/company\\\/11000369\\\/admin\\\/feed\\\/posts\\\/\",\"https:\\\/\\\/es.linkedin.com\\\/company\\\/esclaps-e-hijos-sl\"],\"openingHoursSpecification\":[{\"@type\":\"OpeningHoursSpecification\",\"dayOfWeek\":[\"Monday\",\"Tuesday\",\"Wednesday\",\"Thursday\",\"Friday\",\"Saturday\",\"Sunday\"],\"opens\":\"09:00\",\"closes\":\"17:00\"}]},{\"@type\":\"ImageObject\",\"inLanguage\":\"en-US\",\"@id\":\"https:\\\/\\\/www.esclapes.com\\\/en\\\/work-with-us\\\/#local-main-organization-logo\",\"url\":\"https:\\\/\\\/www.esclapes.com\\\/wp-content\\\/uploads\\\/2023\\\/07\\\/ESCLAPES-LOGO-CUADRADO.png\",\"contentUrl\":\"https:\\\/\\\/www.esclapes.com\\\/wp-content\\\/uploads\\\/2023\\\/07\\\/ESCLAPES-LOGO-CUADRADO.png\",\"width\":1191,\"height\":1191,\"caption\":\"Esclap\u00e9s e Hijos, S.L.\"}]}<\/script>\n<!-- \/ Yoast SEO Premium plugin. -->","yoast_head_json":{"title":"Work with Us - Esclap\u00e9s e Hijos, S.L.","robots":{"index":"index","follow":"follow","max-snippet":"max-snippet:-1","max-image-preview":"max-image-preview:large","max-video-preview":"max-video-preview:-1"},"canonical":"https:\/\/www.esclapes.com\/en\/work-with-us\/","og_locale":"en_US","og_type":"article","og_title":"Work with Us","og_description":"[vc_row css_animation=&#8221;&#8221; row_type=&#8221;row&#8221; use_row_as_full_screen_section=&#8221;no&#8221; type=&#8221;full_width&#8221; angled_section=&#8221;no&#8221; text_align=&#8221;left&#8221; background_image_as_pattern=&#8221;without_pattern&#8221;][vc_column][vc_column_text]If you are interested in working \/ collaborating with us, complete the form below and attach your CV. We will receive an email with your information and after reviewing your request, we will respond by e-mail as soon...","og_url":"https:\/\/www.esclapes.com\/en\/work-with-us\/","og_site_name":"Esclap\u00e9s e Hijos, S.L.","article_modified_time":"2019-12-11T10:30:48+00:00","twitter_card":"summary_large_image","twitter_misc":{"Est. reading time":"1 minute"},"schema":{"@context":"https:\/\/schema.org","@graph":[{"@type":"WebPage","@id":"https:\/\/www.esclapes.com\/en\/work-with-us\/","url":"https:\/\/www.esclapes.com\/en\/work-with-us\/","name":"Work with Us - Esclap\u00e9s e Hijos, S.L.","isPartOf":{"@id":"https:\/\/www.esclapes.com\/en\/#website"},"datePublished":"2019-07-29T11:16:12+00:00","dateModified":"2019-12-11T10:30:48+00:00","breadcrumb":{"@id":"https:\/\/www.esclapes.com\/en\/work-with-us\/#breadcrumb"},"inLanguage":"en-US","potentialAction":[{"@type":"ReadAction","target":["https:\/\/www.esclapes.com\/en\/work-with-us\/"]}]},{"@type":"BreadcrumbList","@id":"https:\/\/www.esclapes.com\/en\/work-with-us\/#breadcrumb","itemListElement":[{"@type":"ListItem","position":1,"name":"Portada","item":"https:\/\/www.esclapes.com\/en\/"},{"@type":"ListItem","position":2,"name":"Work with Us"}]},{"@type":"WebSite","@id":"https:\/\/www.esclapes.com\/en\/#website","url":"https:\/\/www.esclapes.com\/en\/","name":"Esclap\u00e9s e Hijos, S.L.","description":"Construcci\u00f3n de naves industriales y rehabilitaci\u00f3n de edificios, pilares, estructura, fachadas en todo tipo edificios. Ofrecemos buen precio y mejor calidad.","publisher":{"@id":"https:\/\/www.esclapes.com\/en\/#organization"},"potentialAction":[{"@type":"SearchAction","target":{"@type":"EntryPoint","urlTemplate":"https:\/\/www.esclapes.com\/en\/?s={search_term_string}"},"query-input":{"@type":"PropertyValueSpecification","valueRequired":true,"valueName":"search_term_string"}}],"inLanguage":"en-US"},{"@type":["Organization","Place"],"@id":"https:\/\/www.esclapes.com\/en\/#organization","name":"Esclap\u00e9s e Hijos, S.L.","alternateName":"Esclap\u00e9s e Hijos","url":"https:\/\/www.esclapes.com\/en\/","logo":{"@id":"https:\/\/www.esclapes.com\/en\/work-with-us\/#local-main-organization-logo"},"image":{"@id":"https:\/\/www.esclapes.com\/en\/work-with-us\/#local-main-organization-logo"},"sameAs":["https:\/\/www.linkedin.com\/company\/11000369\/admin\/feed\/posts\/","https:\/\/es.linkedin.com\/company\/esclaps-e-hijos-sl"],"openingHoursSpecification":[{"@type":"OpeningHoursSpecification","dayOfWeek":["Monday","Tuesday","Wednesday","Thursday","Friday","Saturday","Sunday"],"opens":"09:00","closes":"17:00"}]},{"@type":"ImageObject","inLanguage":"en-US","@id":"https:\/\/www.esclapes.com\/en\/work-with-us\/#local-main-organization-logo","url":"https:\/\/www.esclapes.com\/wp-content\/uploads\/2023\/07\/ESCLAPES-LOGO-CUADRADO.png","contentUrl":"https:\/\/www.esclapes.com\/wp-content\/uploads\/2023\/07\/ESCLAPES-LOGO-CUADRADO.png","width":1191,"height":1191,"caption":"Esclap\u00e9s e Hijos, S.L."}]}},"_links":{"self":[{"href":"https:\/\/www.esclapes.com\/en\/wp-json\/wp\/v2\/pages\/8540","targetHints":{"allow":["GET"]}}],"collection":[{"href":"https:\/\/www.esclapes.com\/en\/wp-json\/wp\/v2\/pages"}],"about":[{"href":"https:\/\/www.esclapes.com\/en\/wp-json\/wp\/v2\/types\/page"}],"author":[{"embeddable":true,"href":"https:\/\/www.esclapes.com\/en\/wp-json\/wp\/v2\/users\/1"}],"replies":[{"embeddable":true,"href":"https:\/\/www.esclapes.com\/en\/wp-json\/wp\/v2\/comments?post=8540"}],"version-history":[{"count":0,"href":"https:\/\/www.esclapes.com\/en\/wp-json\/wp\/v2\/pages\/8540\/revisions"}],"wp:attachment":[{"href":"https:\/\/www.esclapes.com\/en\/wp-json\/wp\/v2\/media?parent=8540"}],"curies":[{"name":"wp","href":"https:\/\/api.w.org\/{rel}","templated":true}]}}