{"id":6909,"date":"2016-04-26T13:44:48","date_gmt":"2016-04-26T11:44:48","guid":{"rendered":"https:\/\/www.esclapes.com\/financiacion-comunidad\/"},"modified":"2019-12-10T22:45:10","modified_gmt":"2019-12-10T21:45:10","slug":"community-funding","status":"publish","type":"page","link":"https:\/\/www.esclapes.com\/en\/community-funding\/","title":{"rendered":"Community funding"},"content":{"rendered":"<div class=\"wpb-content-wrapper\"><p>[vc_row css_animation=&#8221;&#8221; row_type=&#8221;row&#8221; use_row_as_full_screen_section=&#8221;no&#8221; type=&#8221;full_width&#8221; angled_section=&#8221;no&#8221; text_align=&#8221;left&#8221; background_image_as_pattern=&#8221;without_pattern&#8221;][vc_column width=&#8221;1\/2&#8243;][vc_column_text]We help you get the money you need.<br \/>\n100% finance for work in your community.<\/p>\n<p>In all communities of owners there are often significant expenses related to refurbishing buildings. Esclap\u00e9s e Hijos can help you finance 100% of this work.<\/p>\n<p>With an eagerness to please and serve its customers, Esclap\u00e9s e Hijos helps communities of owners manage significant unforeseen expenses in terms of obtaining sufficient funds to cover the cost of the work.<br \/>\nA facade repair or building refurbishment will no longer be a cause of stress for residents of a community.<br \/>\nCall us to find out what Esclap\u00e9s e Hijos can do for your community.[\/vc_column_text][vc_empty_space height=&#8221;20px&#8221;]<a  itemprop=\"url\" href=\"https:\/\/www.esclapes.com\/en\/contact\/\" target=\"_self\"  class=\"qbutton  medium default\" style=\"border-color: #142864; background-color: #142864;\">Send us your info here<\/a>[vc_empty_space height=&#8221;20px&#8221;][\/vc_column][vc_column width=&#8221;1\/2&#8243;][vc_single_image image=&#8221;3417&#8243; img_size=&#8221;full&#8221; qode_css_animation=&#8221;&#8221;][\/vc_column][\/vc_row]<\/p>\n<\/div>","protected":false},"excerpt":{"rendered":"<p>[vc_row css_animation=&#8221;&#8221; row_type=&#8221;row&#8221; use_row_as_full_screen_section=&#8221;no&#8221; type=&#8221;full_width&#8221; angled_section=&#8221;no&#8221; text_align=&#8221;left&#8221; background_image_as_pattern=&#8221;without_pattern&#8221;][vc_column width=&#8221;1\/2&#8243;][vc_column_text]We help you get the money you need. 100% finance for work in your community. In all communities of owners there are often significant expenses related to refurbishing buildings. Esclap\u00e9s e Hijos can help you finance 100%&#8230;<\/p>\n","protected":false},"author":1,"featured_media":0,"parent":0,"menu_order":0,"comment_status":"closed","ping_status":"closed","template":"","meta":{"rs_blank_template":"","rs_page_bg_color":"","slide_template_v7":"","footnotes":""},"class_list":["post-6909","page","type-page","status-publish","hentry"],"yoast_head":"<!-- This site is optimized with the Yoast SEO Premium plugin v24.9 (Yoast SEO v27.4) - https:\/\/yoast.com\/product\/yoast-seo-premium-wordpress\/ -->\n<title>Financiaci\u00f3n de reforma rehabilitaci\u00f3n comunidad de propietarios Alicante<\/title>\n<meta name=\"description\" content=\"Te ayudamos a financiar hasta el 100% del presupuesto de la reforma, rehabilitaci\u00f3n de tu comunidad de propietarios en Alicante, Torrevieja y Benidorm...\" \/>\n<meta name=\"robots\" content=\"index, follow, max-snippet:-1, max-image-preview:large, max-video-preview:-1\" \/>\n<link rel=\"canonical\" href=\"https:\/\/www.esclapes.com\/en\/community-funding\/\" \/>\n<meta property=\"og:locale\" content=\"en_US\" \/>\n<meta property=\"og:type\" content=\"article\" \/>\n<meta property=\"og:title\" content=\"Community funding\" \/>\n<meta property=\"og:description\" content=\"Te ayudamos a financiar hasta el 100% del presupuesto de la reforma, rehabilitaci\u00f3n de tu comunidad de propietarios en Alicante, Torrevieja y Benidorm...\" \/>\n<meta property=\"og:url\" content=\"https:\/\/www.esclapes.com\/en\/community-funding\/\" \/>\n<meta property=\"og:site_name\" content=\"Esclap\u00e9s e Hijos, S.L.\" \/>\n<meta property=\"article:modified_time\" content=\"2019-12-10T21:45:10+00:00\" \/>\n<meta name=\"twitter:card\" content=\"summary_large_image\" \/>\n<meta name=\"twitter:label1\" content=\"Est. reading time\" \/>\n\t<meta name=\"twitter:data1\" content=\"1 minute\" \/>\n<script type=\"application\/ld+json\" class=\"yoast-schema-graph\">{\"@context\":\"https:\\\/\\\/schema.org\",\"@graph\":[{\"@type\":\"WebPage\",\"@id\":\"https:\\\/\\\/www.esclapes.com\\\/en\\\/community-funding\\\/\",\"url\":\"https:\\\/\\\/www.esclapes.com\\\/en\\\/community-funding\\\/\",\"name\":\"Financiaci\u00f3n de reforma rehabilitaci\u00f3n comunidad de propietarios Alicante\",\"isPartOf\":{\"@id\":\"https:\\\/\\\/www.esclapes.com\\\/en\\\/#website\"},\"datePublished\":\"2016-04-26T11:44:48+00:00\",\"dateModified\":\"2019-12-10T21:45:10+00:00\",\"description\":\"Te ayudamos a financiar hasta el 100% del presupuesto de la reforma, rehabilitaci\u00f3n de tu comunidad de propietarios en Alicante, Torrevieja y Benidorm...\",\"breadcrumb\":{\"@id\":\"https:\\\/\\\/www.esclapes.com\\\/en\\\/community-funding\\\/#breadcrumb\"},\"inLanguage\":\"en-US\",\"potentialAction\":[{\"@type\":\"ReadAction\",\"target\":[\"https:\\\/\\\/www.esclapes.com\\\/en\\\/community-funding\\\/\"]}]},{\"@type\":\"BreadcrumbList\",\"@id\":\"https:\\\/\\\/www.esclapes.com\\\/en\\\/community-funding\\\/#breadcrumb\",\"itemListElement\":[{\"@type\":\"ListItem\",\"position\":1,\"name\":\"Portada\",\"item\":\"https:\\\/\\\/www.esclapes.com\\\/en\\\/\"},{\"@type\":\"ListItem\",\"position\":2,\"name\":\"Community funding\"}]},{\"@type\":\"WebSite\",\"@id\":\"https:\\\/\\\/www.esclapes.com\\\/en\\\/#website\",\"url\":\"https:\\\/\\\/www.esclapes.com\\\/en\\\/\",\"name\":\"Esclap\u00e9s e Hijos, S.L.\",\"description\":\"Construcci\u00f3n de naves industriales y rehabilitaci\u00f3n de edificios, pilares, estructura, fachadas en todo tipo edificios. Ofrecemos buen precio y mejor calidad.\",\"publisher\":{\"@id\":\"https:\\\/\\\/www.esclapes.com\\\/en\\\/#organization\"},\"potentialAction\":[{\"@type\":\"SearchAction\",\"target\":{\"@type\":\"EntryPoint\",\"urlTemplate\":\"https:\\\/\\\/www.esclapes.com\\\/en\\\/?s={search_term_string}\"},\"query-input\":{\"@type\":\"PropertyValueSpecification\",\"valueRequired\":true,\"valueName\":\"search_term_string\"}}],\"inLanguage\":\"en-US\"},{\"@type\":[\"Organization\",\"Place\"],\"@id\":\"https:\\\/\\\/www.esclapes.com\\\/en\\\/#organization\",\"name\":\"Esclap\u00e9s e Hijos, S.L.\",\"alternateName\":\"Esclap\u00e9s e Hijos\",\"url\":\"https:\\\/\\\/www.esclapes.com\\\/en\\\/\",\"logo\":{\"@id\":\"https:\\\/\\\/www.esclapes.com\\\/en\\\/community-funding\\\/#local-main-organization-logo\"},\"image\":{\"@id\":\"https:\\\/\\\/www.esclapes.com\\\/en\\\/community-funding\\\/#local-main-organization-logo\"},\"sameAs\":[\"https:\\\/\\\/www.linkedin.com\\\/company\\\/11000369\\\/admin\\\/feed\\\/posts\\\/\",\"https:\\\/\\\/es.linkedin.com\\\/company\\\/esclaps-e-hijos-sl\"],\"openingHoursSpecification\":[{\"@type\":\"OpeningHoursSpecification\",\"dayOfWeek\":[\"Monday\",\"Tuesday\",\"Wednesday\",\"Thursday\",\"Friday\",\"Saturday\",\"Sunday\"],\"opens\":\"09:00\",\"closes\":\"17:00\"}]},{\"@type\":\"ImageObject\",\"inLanguage\":\"en-US\",\"@id\":\"https:\\\/\\\/www.esclapes.com\\\/en\\\/community-funding\\\/#local-main-organization-logo\",\"url\":\"https:\\\/\\\/www.esclapes.com\\\/wp-content\\\/uploads\\\/2023\\\/07\\\/ESCLAPES-LOGO-CUADRADO.png\",\"contentUrl\":\"https:\\\/\\\/www.esclapes.com\\\/wp-content\\\/uploads\\\/2023\\\/07\\\/ESCLAPES-LOGO-CUADRADO.png\",\"width\":1191,\"height\":1191,\"caption\":\"Esclap\u00e9s e Hijos, S.L.\"}]}<\/script>\n<!-- \/ Yoast SEO Premium plugin. -->","yoast_head_json":{"title":"Financiaci\u00f3n de reforma rehabilitaci\u00f3n comunidad de propietarios Alicante","description":"Te ayudamos a financiar hasta el 100% del presupuesto de la reforma, rehabilitaci\u00f3n de tu comunidad de propietarios en Alicante, Torrevieja y Benidorm...","robots":{"index":"index","follow":"follow","max-snippet":"max-snippet:-1","max-image-preview":"max-image-preview:large","max-video-preview":"max-video-preview:-1"},"canonical":"https:\/\/www.esclapes.com\/en\/community-funding\/","og_locale":"en_US","og_type":"article","og_title":"Community funding","og_description":"Te ayudamos a financiar hasta el 100% del presupuesto de la reforma, rehabilitaci\u00f3n de tu comunidad de propietarios en Alicante, Torrevieja y Benidorm...","og_url":"https:\/\/www.esclapes.com\/en\/community-funding\/","og_site_name":"Esclap\u00e9s e Hijos, S.L.","article_modified_time":"2019-12-10T21:45:10+00:00","twitter_card":"summary_large_image","twitter_misc":{"Est. reading time":"1 minute"},"schema":{"@context":"https:\/\/schema.org","@graph":[{"@type":"WebPage","@id":"https:\/\/www.esclapes.com\/en\/community-funding\/","url":"https:\/\/www.esclapes.com\/en\/community-funding\/","name":"Financiaci\u00f3n de reforma rehabilitaci\u00f3n comunidad de propietarios Alicante","isPartOf":{"@id":"https:\/\/www.esclapes.com\/en\/#website"},"datePublished":"2016-04-26T11:44:48+00:00","dateModified":"2019-12-10T21:45:10+00:00","description":"Te ayudamos a financiar hasta el 100% del presupuesto de la reforma, rehabilitaci\u00f3n de tu comunidad de propietarios en Alicante, Torrevieja y Benidorm...","breadcrumb":{"@id":"https:\/\/www.esclapes.com\/en\/community-funding\/#breadcrumb"},"inLanguage":"en-US","potentialAction":[{"@type":"ReadAction","target":["https:\/\/www.esclapes.com\/en\/community-funding\/"]}]},{"@type":"BreadcrumbList","@id":"https:\/\/www.esclapes.com\/en\/community-funding\/#breadcrumb","itemListElement":[{"@type":"ListItem","position":1,"name":"Portada","item":"https:\/\/www.esclapes.com\/en\/"},{"@type":"ListItem","position":2,"name":"Community funding"}]},{"@type":"WebSite","@id":"https:\/\/www.esclapes.com\/en\/#website","url":"https:\/\/www.esclapes.com\/en\/","name":"Esclap\u00e9s e Hijos, S.L.","description":"Construcci\u00f3n de naves industriales y rehabilitaci\u00f3n de edificios, pilares, estructura, fachadas en todo tipo edificios. Ofrecemos buen precio y mejor calidad.","publisher":{"@id":"https:\/\/www.esclapes.com\/en\/#organization"},"potentialAction":[{"@type":"SearchAction","target":{"@type":"EntryPoint","urlTemplate":"https:\/\/www.esclapes.com\/en\/?s={search_term_string}"},"query-input":{"@type":"PropertyValueSpecification","valueRequired":true,"valueName":"search_term_string"}}],"inLanguage":"en-US"},{"@type":["Organization","Place"],"@id":"https:\/\/www.esclapes.com\/en\/#organization","name":"Esclap\u00e9s e Hijos, S.L.","alternateName":"Esclap\u00e9s e Hijos","url":"https:\/\/www.esclapes.com\/en\/","logo":{"@id":"https:\/\/www.esclapes.com\/en\/community-funding\/#local-main-organization-logo"},"image":{"@id":"https:\/\/www.esclapes.com\/en\/community-funding\/#local-main-organization-logo"},"sameAs":["https:\/\/www.linkedin.com\/company\/11000369\/admin\/feed\/posts\/","https:\/\/es.linkedin.com\/company\/esclaps-e-hijos-sl"],"openingHoursSpecification":[{"@type":"OpeningHoursSpecification","dayOfWeek":["Monday","Tuesday","Wednesday","Thursday","Friday","Saturday","Sunday"],"opens":"09:00","closes":"17:00"}]},{"@type":"ImageObject","inLanguage":"en-US","@id":"https:\/\/www.esclapes.com\/en\/community-funding\/#local-main-organization-logo","url":"https:\/\/www.esclapes.com\/wp-content\/uploads\/2023\/07\/ESCLAPES-LOGO-CUADRADO.png","contentUrl":"https:\/\/www.esclapes.com\/wp-content\/uploads\/2023\/07\/ESCLAPES-LOGO-CUADRADO.png","width":1191,"height":1191,"caption":"Esclap\u00e9s e Hijos, S.L."}]}},"_links":{"self":[{"href":"https:\/\/www.esclapes.com\/en\/wp-json\/wp\/v2\/pages\/6909","targetHints":{"allow":["GET"]}}],"collection":[{"href":"https:\/\/www.esclapes.com\/en\/wp-json\/wp\/v2\/pages"}],"about":[{"href":"https:\/\/www.esclapes.com\/en\/wp-json\/wp\/v2\/types\/page"}],"author":[{"embeddable":true,"href":"https:\/\/www.esclapes.com\/en\/wp-json\/wp\/v2\/users\/1"}],"replies":[{"embeddable":true,"href":"https:\/\/www.esclapes.com\/en\/wp-json\/wp\/v2\/comments?post=6909"}],"version-history":[{"count":0,"href":"https:\/\/www.esclapes.com\/en\/wp-json\/wp\/v2\/pages\/6909\/revisions"}],"wp:attachment":[{"href":"https:\/\/www.esclapes.com\/en\/wp-json\/wp\/v2\/media?parent=6909"}],"curies":[{"name":"wp","href":"https:\/\/api.w.org\/{rel}","templated":true}]}}