{"id":6906,"date":"2015-06-10T12:22:33","date_gmt":"2015-06-10T10:22:33","guid":{"rendered":"https:\/\/www.esclapes.com\/amianto\/"},"modified":"2019-12-09T11:06:38","modified_gmt":"2019-12-09T10:06:38","slug":"asbestos","status":"publish","type":"page","link":"https:\/\/www.esclapes.com\/en\/asbestos\/","title":{"rendered":"Asbestos"},"content":{"rendered":"<div class=\"wpb-content-wrapper\"><p>[vc_row css_animation=&#8221;&#8221; row_type=&#8221;row&#8221; use_row_as_full_screen_section=&#8221;no&#8221; type=&#8221;full_width&#8221; angled_section=&#8221;no&#8221; text_align=&#8221;left&#8221; background_image_as_pattern=&#8221;without_pattern&#8221;][vc_column][vc_column_text]ESCLAP\u00c9S E HIJOS, S.L. offers expertise and the complete management of the treatment of asbestos or Uralita\u00ae used in the projects, refurbishments or maintenance jobs assigned to us. We have qualified technicians and skillful workers at your disposal, who have had specially trained to manage cases of asbestos. They are qualified to correctly handle this hazardous material thereby ensuring safety in the implementation of such projects. All our services have the necessary documentation. We take a serious interest in promoting safety and protection of the environment and of workers and third parties throughout the completion of our projects.<\/p>\n<p>Our company has the necessary accreditations and is registered in the Register of Companies with Risk of Asbestos (R.E.R.A, Registro de Empresas con Riesgo de Amianto) with no. 03\/073.<\/p>\n<p>The mineral fibres of asbestos are used in many applications related to building due to its physical-chemical properties, such as:<\/p>\n<ul>\n<li><strong>Fibre-concrete sheets.<\/strong><\/li>\n<li><strong>Spraying against Fire.<\/strong><\/li>\n<li><strong>Water Channels and Tanks<\/strong><\/li>\n<li><strong>Acoustic and Insulating Panels, Vinyl Tiles, Paints.<\/strong><\/li>\n<li><strong>Light partitions, Mortars, Cardboard \u2013 Asbestos.<\/strong><\/li>\n<li><strong>Insulating in Industrial Buildings, Trains, etc.<\/strong><\/li>\n<\/ul>\n<p>The services offered by our company are the following:<\/p>\n<ul>\n<li><strong>Study and Analysis to determine the possible presence of asbestos.<\/strong><\/li>\n<li><strong>Management of authorisation for the removal of asbestos.<\/strong><\/li>\n<li><strong>Devising work plans for the removal of asbestos.<\/strong><\/li>\n<li><strong>Environmental measures and personal samplings of workers.<\/strong><\/li>\n<li><strong>Health and safety management.<\/strong><\/li>\n<li><strong>Environment management. <\/strong><\/li>\n<li><strong>Transport and waste management.<\/strong><\/li>\n<\/ul>\n<p>As an example of our projects in this area, our most representative and symbolic work is the \u201cProject of the Total Replacement of the Central Market\u2019s Deck\u201d.[\/vc_column_text][vc_empty_space]<a  itemprop=\"url\" href=\"https:\/\/www.esclapes.com\/en\/request-your-quote\/\" target=\"_self\"  class=\"qbutton  medium default\" style=\"\">Request your free no obligation quote.<\/a>[\/vc_column][\/vc_row]<\/p>\n<\/div>","protected":false},"excerpt":{"rendered":"<p>[vc_row css_animation=&#8221;&#8221; row_type=&#8221;row&#8221; use_row_as_full_screen_section=&#8221;no&#8221; type=&#8221;full_width&#8221; angled_section=&#8221;no&#8221; text_align=&#8221;left&#8221; background_image_as_pattern=&#8221;without_pattern&#8221;][vc_column][vc_column_text]ESCLAP\u00c9S E HIJOS, S.L. offers expertise and the complete management of the treatment of asbestos or Uralita\u00ae used in the projects, refurbishments or maintenance jobs assigned to us. We have qualified technicians and skillful workers at your disposal,&#8230;<\/p>\n","protected":false},"author":1,"featured_media":0,"parent":0,"menu_order":0,"comment_status":"closed","ping_status":"closed","template":"","meta":{"rs_blank_template":"","rs_page_bg_color":"","slide_template_v7":"","footnotes":""},"class_list":["post-6906","page","type-page","status-publish","hentry"],"yoast_head":"<!-- This site is optimized with the Yoast SEO Premium plugin v24.9 (Yoast SEO v27.4) - https:\/\/yoast.com\/product\/yoast-seo-premium-wordpress\/ -->\n<title>Retirada Fibrocemento y aminanto_ESCLAPES E HIJOS, SL<\/title>\n<meta name=\"description\" content=\"Empresa acreditada para manipulaci\u00f3n de fibrocemento y amianto, seg\u00fan protocolo establecido para este residuo peligroso, incluso redecci\u00f3n plan especifico\" \/>\n<meta name=\"robots\" content=\"index, follow, max-snippet:-1, max-image-preview:large, max-video-preview:-1\" \/>\n<link rel=\"canonical\" href=\"https:\/\/www.esclapes.com\/en\/asbestos\/\" \/>\n<meta property=\"og:locale\" content=\"en_US\" \/>\n<meta property=\"og:type\" content=\"article\" \/>\n<meta property=\"og:title\" content=\"Asbestos\" \/>\n<meta property=\"og:description\" content=\"Empresa acreditada para manipulaci\u00f3n de fibrocemento y amianto, seg\u00fan protocolo establecido para este residuo peligroso, incluso redecci\u00f3n plan especifico\" \/>\n<meta property=\"og:url\" content=\"https:\/\/www.esclapes.com\/en\/asbestos\/\" \/>\n<meta property=\"og:site_name\" content=\"Esclap\u00e9s e Hijos, S.L.\" \/>\n<meta property=\"article:modified_time\" content=\"2019-12-09T10:06:38+00:00\" \/>\n<meta name=\"twitter:card\" content=\"summary_large_image\" \/>\n<meta name=\"twitter:label1\" content=\"Est. reading time\" \/>\n\t<meta name=\"twitter:data1\" content=\"2 minutes\" \/>\n<script type=\"application\/ld+json\" class=\"yoast-schema-graph\">{\"@context\":\"https:\\\/\\\/schema.org\",\"@graph\":[{\"@type\":\"WebPage\",\"@id\":\"https:\\\/\\\/www.esclapes.com\\\/en\\\/asbestos\\\/\",\"url\":\"https:\\\/\\\/www.esclapes.com\\\/en\\\/asbestos\\\/\",\"name\":\"Retirada Fibrocemento y aminanto_ESCLAPES E HIJOS, SL\",\"isPartOf\":{\"@id\":\"https:\\\/\\\/www.esclapes.com\\\/en\\\/#website\"},\"datePublished\":\"2015-06-10T10:22:33+00:00\",\"dateModified\":\"2019-12-09T10:06:38+00:00\",\"description\":\"Empresa acreditada para manipulaci\u00f3n de fibrocemento y amianto, seg\u00fan protocolo establecido para este residuo peligroso, incluso redecci\u00f3n plan especifico\",\"breadcrumb\":{\"@id\":\"https:\\\/\\\/www.esclapes.com\\\/en\\\/asbestos\\\/#breadcrumb\"},\"inLanguage\":\"en-US\",\"potentialAction\":[{\"@type\":\"ReadAction\",\"target\":[\"https:\\\/\\\/www.esclapes.com\\\/en\\\/asbestos\\\/\"]}]},{\"@type\":\"BreadcrumbList\",\"@id\":\"https:\\\/\\\/www.esclapes.com\\\/en\\\/asbestos\\\/#breadcrumb\",\"itemListElement\":[{\"@type\":\"ListItem\",\"position\":1,\"name\":\"Portada\",\"item\":\"https:\\\/\\\/www.esclapes.com\\\/en\\\/\"},{\"@type\":\"ListItem\",\"position\":2,\"name\":\"Asbestos\"}]},{\"@type\":\"WebSite\",\"@id\":\"https:\\\/\\\/www.esclapes.com\\\/en\\\/#website\",\"url\":\"https:\\\/\\\/www.esclapes.com\\\/en\\\/\",\"name\":\"Esclap\u00e9s e Hijos, S.L.\",\"description\":\"Construcci\u00f3n de naves industriales y rehabilitaci\u00f3n de edificios, pilares, estructura, fachadas en todo tipo edificios. Ofrecemos buen precio y mejor calidad.\",\"publisher\":{\"@id\":\"https:\\\/\\\/www.esclapes.com\\\/en\\\/#organization\"},\"potentialAction\":[{\"@type\":\"SearchAction\",\"target\":{\"@type\":\"EntryPoint\",\"urlTemplate\":\"https:\\\/\\\/www.esclapes.com\\\/en\\\/?s={search_term_string}\"},\"query-input\":{\"@type\":\"PropertyValueSpecification\",\"valueRequired\":true,\"valueName\":\"search_term_string\"}}],\"inLanguage\":\"en-US\"},{\"@type\":[\"Organization\",\"Place\"],\"@id\":\"https:\\\/\\\/www.esclapes.com\\\/en\\\/#organization\",\"name\":\"Esclap\u00e9s e Hijos, S.L.\",\"alternateName\":\"Esclap\u00e9s e Hijos\",\"url\":\"https:\\\/\\\/www.esclapes.com\\\/en\\\/\",\"logo\":{\"@id\":\"https:\\\/\\\/www.esclapes.com\\\/en\\\/asbestos\\\/#local-main-organization-logo\"},\"image\":{\"@id\":\"https:\\\/\\\/www.esclapes.com\\\/en\\\/asbestos\\\/#local-main-organization-logo\"},\"sameAs\":[\"https:\\\/\\\/www.linkedin.com\\\/company\\\/11000369\\\/admin\\\/feed\\\/posts\\\/\",\"https:\\\/\\\/es.linkedin.com\\\/company\\\/esclaps-e-hijos-sl\"],\"openingHoursSpecification\":[{\"@type\":\"OpeningHoursSpecification\",\"dayOfWeek\":[\"Monday\",\"Tuesday\",\"Wednesday\",\"Thursday\",\"Friday\",\"Saturday\",\"Sunday\"],\"opens\":\"09:00\",\"closes\":\"17:00\"}]},{\"@type\":\"ImageObject\",\"inLanguage\":\"en-US\",\"@id\":\"https:\\\/\\\/www.esclapes.com\\\/en\\\/asbestos\\\/#local-main-organization-logo\",\"url\":\"https:\\\/\\\/www.esclapes.com\\\/wp-content\\\/uploads\\\/2023\\\/07\\\/ESCLAPES-LOGO-CUADRADO.png\",\"contentUrl\":\"https:\\\/\\\/www.esclapes.com\\\/wp-content\\\/uploads\\\/2023\\\/07\\\/ESCLAPES-LOGO-CUADRADO.png\",\"width\":1191,\"height\":1191,\"caption\":\"Esclap\u00e9s e Hijos, S.L.\"}]}<\/script>\n<!-- \/ Yoast SEO Premium plugin. -->","yoast_head_json":{"title":"Retirada Fibrocemento y aminanto_ESCLAPES E HIJOS, SL","description":"Empresa acreditada para manipulaci\u00f3n de fibrocemento y amianto, seg\u00fan protocolo establecido para este residuo peligroso, incluso redecci\u00f3n plan especifico","robots":{"index":"index","follow":"follow","max-snippet":"max-snippet:-1","max-image-preview":"max-image-preview:large","max-video-preview":"max-video-preview:-1"},"canonical":"https:\/\/www.esclapes.com\/en\/asbestos\/","og_locale":"en_US","og_type":"article","og_title":"Asbestos","og_description":"Empresa acreditada para manipulaci\u00f3n de fibrocemento y amianto, seg\u00fan protocolo establecido para este residuo peligroso, incluso redecci\u00f3n plan especifico","og_url":"https:\/\/www.esclapes.com\/en\/asbestos\/","og_site_name":"Esclap\u00e9s e Hijos, S.L.","article_modified_time":"2019-12-09T10:06:38+00:00","twitter_card":"summary_large_image","twitter_misc":{"Est. reading time":"2 minutes"},"schema":{"@context":"https:\/\/schema.org","@graph":[{"@type":"WebPage","@id":"https:\/\/www.esclapes.com\/en\/asbestos\/","url":"https:\/\/www.esclapes.com\/en\/asbestos\/","name":"Retirada Fibrocemento y aminanto_ESCLAPES E HIJOS, SL","isPartOf":{"@id":"https:\/\/www.esclapes.com\/en\/#website"},"datePublished":"2015-06-10T10:22:33+00:00","dateModified":"2019-12-09T10:06:38+00:00","description":"Empresa acreditada para manipulaci\u00f3n de fibrocemento y amianto, seg\u00fan protocolo establecido para este residuo peligroso, incluso redecci\u00f3n plan especifico","breadcrumb":{"@id":"https:\/\/www.esclapes.com\/en\/asbestos\/#breadcrumb"},"inLanguage":"en-US","potentialAction":[{"@type":"ReadAction","target":["https:\/\/www.esclapes.com\/en\/asbestos\/"]}]},{"@type":"BreadcrumbList","@id":"https:\/\/www.esclapes.com\/en\/asbestos\/#breadcrumb","itemListElement":[{"@type":"ListItem","position":1,"name":"Portada","item":"https:\/\/www.esclapes.com\/en\/"},{"@type":"ListItem","position":2,"name":"Asbestos"}]},{"@type":"WebSite","@id":"https:\/\/www.esclapes.com\/en\/#website","url":"https:\/\/www.esclapes.com\/en\/","name":"Esclap\u00e9s e Hijos, S.L.","description":"Construcci\u00f3n de naves industriales y rehabilitaci\u00f3n de edificios, pilares, estructura, fachadas en todo tipo edificios. Ofrecemos buen precio y mejor calidad.","publisher":{"@id":"https:\/\/www.esclapes.com\/en\/#organization"},"potentialAction":[{"@type":"SearchAction","target":{"@type":"EntryPoint","urlTemplate":"https:\/\/www.esclapes.com\/en\/?s={search_term_string}"},"query-input":{"@type":"PropertyValueSpecification","valueRequired":true,"valueName":"search_term_string"}}],"inLanguage":"en-US"},{"@type":["Organization","Place"],"@id":"https:\/\/www.esclapes.com\/en\/#organization","name":"Esclap\u00e9s e Hijos, S.L.","alternateName":"Esclap\u00e9s e Hijos","url":"https:\/\/www.esclapes.com\/en\/","logo":{"@id":"https:\/\/www.esclapes.com\/en\/asbestos\/#local-main-organization-logo"},"image":{"@id":"https:\/\/www.esclapes.com\/en\/asbestos\/#local-main-organization-logo"},"sameAs":["https:\/\/www.linkedin.com\/company\/11000369\/admin\/feed\/posts\/","https:\/\/es.linkedin.com\/company\/esclaps-e-hijos-sl"],"openingHoursSpecification":[{"@type":"OpeningHoursSpecification","dayOfWeek":["Monday","Tuesday","Wednesday","Thursday","Friday","Saturday","Sunday"],"opens":"09:00","closes":"17:00"}]},{"@type":"ImageObject","inLanguage":"en-US","@id":"https:\/\/www.esclapes.com\/en\/asbestos\/#local-main-organization-logo","url":"https:\/\/www.esclapes.com\/wp-content\/uploads\/2023\/07\/ESCLAPES-LOGO-CUADRADO.png","contentUrl":"https:\/\/www.esclapes.com\/wp-content\/uploads\/2023\/07\/ESCLAPES-LOGO-CUADRADO.png","width":1191,"height":1191,"caption":"Esclap\u00e9s e Hijos, S.L."}]}},"_links":{"self":[{"href":"https:\/\/www.esclapes.com\/en\/wp-json\/wp\/v2\/pages\/6906","targetHints":{"allow":["GET"]}}],"collection":[{"href":"https:\/\/www.esclapes.com\/en\/wp-json\/wp\/v2\/pages"}],"about":[{"href":"https:\/\/www.esclapes.com\/en\/wp-json\/wp\/v2\/types\/page"}],"author":[{"embeddable":true,"href":"https:\/\/www.esclapes.com\/en\/wp-json\/wp\/v2\/users\/1"}],"replies":[{"embeddable":true,"href":"https:\/\/www.esclapes.com\/en\/wp-json\/wp\/v2\/comments?post=6906"}],"version-history":[{"count":0,"href":"https:\/\/www.esclapes.com\/en\/wp-json\/wp\/v2\/pages\/6906\/revisions"}],"wp:attachment":[{"href":"https:\/\/www.esclapes.com\/en\/wp-json\/wp\/v2\/media?parent=6906"}],"curies":[{"name":"wp","href":"https:\/\/api.w.org\/{rel}","templated":true}]}}