{"id":13430,"date":"2020-02-05T09:35:19","date_gmt":"2020-02-05T08:35:19","guid":{"rendered":"https:\/\/www.esclapes.com\/proveedores\/"},"modified":"2020-02-12T09:47:46","modified_gmt":"2020-02-12T08:47:46","slug":"suppliers","status":"publish","type":"page","link":"https:\/\/www.esclapes.com\/en\/suppliers\/","title":{"rendered":"Suppliers"},"content":{"rendered":"<p>Esclapes e Hijos S.L. is a company who aims to continuously improve its civil works, building and maintenance processes, as well as providing its customers with better service, attention and with the best products on the market.<\/p>\n<p>The suppliers of Esclapes e Hijos S.L are an essential part of satisfying the requirements of Esclapes e Hijos S.L clients. It is therefore necessary &#8211;  as regulated by the UNE-EN 9001: 2015 &#8211; to evaluate and select suppliers.<\/p>\n<p>The selection of suppliers is carried out according to the following criteria: Quality, price and timeframe.<br \/>\nThe evaluations are carried out on an annual basis.<\/p>\n","protected":false},"excerpt":{"rendered":"<p>Esclapes e Hijos S.L. is a company who aims to continuously improve its civil works, building and maintenance processes, as well as providing its customers with better service, attention and with the best products on the market. The suppliers of Esclapes e Hijos S.L are&#8230;<\/p>\n","protected":false},"author":3,"featured_media":0,"parent":0,"menu_order":0,"comment_status":"closed","ping_status":"closed","template":"","meta":{"rs_blank_template":"","rs_page_bg_color":"","slide_template_v7":"","footnotes":""},"class_list":["post-13430","page","type-page","status-publish","hentry"],"yoast_head":"<!-- This site is optimized with the Yoast SEO Premium plugin v24.9 (Yoast SEO v27.4) - https:\/\/yoast.com\/product\/yoast-seo-premium-wordpress\/ -->\n<title>Suppliers - Esclap\u00e9s e Hijos, S.L.<\/title>\n<meta name=\"robots\" content=\"index, follow, max-snippet:-1, max-image-preview:large, max-video-preview:-1\" \/>\n<link rel=\"canonical\" href=\"https:\/\/www.esclapes.com\/en\/suppliers\/\" \/>\n<meta property=\"og:locale\" content=\"en_US\" \/>\n<meta property=\"og:type\" content=\"article\" \/>\n<meta property=\"og:title\" content=\"Suppliers\" \/>\n<meta property=\"og:description\" content=\"Esclapes e Hijos S.L. is a company who aims to continuously improve its civil works, building and maintenance processes, as well as providing its customers with better service, attention and with the best products on the market. The suppliers of Esclapes e Hijos S.L are...\" \/>\n<meta property=\"og:url\" content=\"https:\/\/www.esclapes.com\/en\/suppliers\/\" \/>\n<meta property=\"og:site_name\" content=\"Esclap\u00e9s e Hijos, S.L.\" \/>\n<meta property=\"article:modified_time\" content=\"2020-02-12T08:47:46+00:00\" \/>\n<meta name=\"twitter:card\" content=\"summary_large_image\" \/>\n<meta name=\"twitter:label1\" content=\"Est. reading time\" \/>\n\t<meta name=\"twitter:data1\" content=\"1 minute\" \/>\n<script type=\"application\/ld+json\" class=\"yoast-schema-graph\">{\"@context\":\"https:\\\/\\\/schema.org\",\"@graph\":[{\"@type\":\"WebPage\",\"@id\":\"https:\\\/\\\/www.esclapes.com\\\/en\\\/suppliers\\\/\",\"url\":\"https:\\\/\\\/www.esclapes.com\\\/en\\\/suppliers\\\/\",\"name\":\"Suppliers - Esclap\u00e9s e Hijos, S.L.\",\"isPartOf\":{\"@id\":\"https:\\\/\\\/www.esclapes.com\\\/en\\\/#website\"},\"datePublished\":\"2020-02-05T08:35:19+00:00\",\"dateModified\":\"2020-02-12T08:47:46+00:00\",\"breadcrumb\":{\"@id\":\"https:\\\/\\\/www.esclapes.com\\\/en\\\/suppliers\\\/#breadcrumb\"},\"inLanguage\":\"en-US\",\"potentialAction\":[{\"@type\":\"ReadAction\",\"target\":[\"https:\\\/\\\/www.esclapes.com\\\/en\\\/suppliers\\\/\"]}]},{\"@type\":\"BreadcrumbList\",\"@id\":\"https:\\\/\\\/www.esclapes.com\\\/en\\\/suppliers\\\/#breadcrumb\",\"itemListElement\":[{\"@type\":\"ListItem\",\"position\":1,\"name\":\"Portada\",\"item\":\"https:\\\/\\\/www.esclapes.com\\\/en\\\/\"},{\"@type\":\"ListItem\",\"position\":2,\"name\":\"Suppliers\"}]},{\"@type\":\"WebSite\",\"@id\":\"https:\\\/\\\/www.esclapes.com\\\/en\\\/#website\",\"url\":\"https:\\\/\\\/www.esclapes.com\\\/en\\\/\",\"name\":\"Esclap\u00e9s e Hijos, S.L.\",\"description\":\"Construcci\u00f3n de naves industriales y rehabilitaci\u00f3n de edificios, pilares, estructura, fachadas en todo tipo edificios. Ofrecemos buen precio y mejor calidad.\",\"publisher\":{\"@id\":\"https:\\\/\\\/www.esclapes.com\\\/en\\\/#organization\"},\"potentialAction\":[{\"@type\":\"SearchAction\",\"target\":{\"@type\":\"EntryPoint\",\"urlTemplate\":\"https:\\\/\\\/www.esclapes.com\\\/en\\\/?s={search_term_string}\"},\"query-input\":{\"@type\":\"PropertyValueSpecification\",\"valueRequired\":true,\"valueName\":\"search_term_string\"}}],\"inLanguage\":\"en-US\"},{\"@type\":[\"Organization\",\"Place\"],\"@id\":\"https:\\\/\\\/www.esclapes.com\\\/en\\\/#organization\",\"name\":\"Esclap\u00e9s e Hijos, S.L.\",\"alternateName\":\"Esclap\u00e9s e Hijos\",\"url\":\"https:\\\/\\\/www.esclapes.com\\\/en\\\/\",\"logo\":{\"@id\":\"https:\\\/\\\/www.esclapes.com\\\/en\\\/suppliers\\\/#local-main-organization-logo\"},\"image\":{\"@id\":\"https:\\\/\\\/www.esclapes.com\\\/en\\\/suppliers\\\/#local-main-organization-logo\"},\"sameAs\":[\"https:\\\/\\\/www.linkedin.com\\\/company\\\/11000369\\\/admin\\\/feed\\\/posts\\\/\",\"https:\\\/\\\/es.linkedin.com\\\/company\\\/esclaps-e-hijos-sl\"],\"openingHoursSpecification\":[{\"@type\":\"OpeningHoursSpecification\",\"dayOfWeek\":[\"Monday\",\"Tuesday\",\"Wednesday\",\"Thursday\",\"Friday\",\"Saturday\",\"Sunday\"],\"opens\":\"09:00\",\"closes\":\"17:00\"}]},{\"@type\":\"ImageObject\",\"inLanguage\":\"en-US\",\"@id\":\"https:\\\/\\\/www.esclapes.com\\\/en\\\/suppliers\\\/#local-main-organization-logo\",\"url\":\"https:\\\/\\\/www.esclapes.com\\\/wp-content\\\/uploads\\\/2023\\\/07\\\/ESCLAPES-LOGO-CUADRADO.png\",\"contentUrl\":\"https:\\\/\\\/www.esclapes.com\\\/wp-content\\\/uploads\\\/2023\\\/07\\\/ESCLAPES-LOGO-CUADRADO.png\",\"width\":1191,\"height\":1191,\"caption\":\"Esclap\u00e9s e Hijos, S.L.\"}]}<\/script>\n<!-- \/ Yoast SEO Premium plugin. -->","yoast_head_json":{"title":"Suppliers - Esclap\u00e9s e Hijos, S.L.","robots":{"index":"index","follow":"follow","max-snippet":"max-snippet:-1","max-image-preview":"max-image-preview:large","max-video-preview":"max-video-preview:-1"},"canonical":"https:\/\/www.esclapes.com\/en\/suppliers\/","og_locale":"en_US","og_type":"article","og_title":"Suppliers","og_description":"Esclapes e Hijos S.L. is a company who aims to continuously improve its civil works, building and maintenance processes, as well as providing its customers with better service, attention and with the best products on the market. The suppliers of Esclapes e Hijos S.L are...","og_url":"https:\/\/www.esclapes.com\/en\/suppliers\/","og_site_name":"Esclap\u00e9s e Hijos, S.L.","article_modified_time":"2020-02-12T08:47:46+00:00","twitter_card":"summary_large_image","twitter_misc":{"Est. reading time":"1 minute"},"schema":{"@context":"https:\/\/schema.org","@graph":[{"@type":"WebPage","@id":"https:\/\/www.esclapes.com\/en\/suppliers\/","url":"https:\/\/www.esclapes.com\/en\/suppliers\/","name":"Suppliers - Esclap\u00e9s e Hijos, S.L.","isPartOf":{"@id":"https:\/\/www.esclapes.com\/en\/#website"},"datePublished":"2020-02-05T08:35:19+00:00","dateModified":"2020-02-12T08:47:46+00:00","breadcrumb":{"@id":"https:\/\/www.esclapes.com\/en\/suppliers\/#breadcrumb"},"inLanguage":"en-US","potentialAction":[{"@type":"ReadAction","target":["https:\/\/www.esclapes.com\/en\/suppliers\/"]}]},{"@type":"BreadcrumbList","@id":"https:\/\/www.esclapes.com\/en\/suppliers\/#breadcrumb","itemListElement":[{"@type":"ListItem","position":1,"name":"Portada","item":"https:\/\/www.esclapes.com\/en\/"},{"@type":"ListItem","position":2,"name":"Suppliers"}]},{"@type":"WebSite","@id":"https:\/\/www.esclapes.com\/en\/#website","url":"https:\/\/www.esclapes.com\/en\/","name":"Esclap\u00e9s e Hijos, S.L.","description":"Construcci\u00f3n de naves industriales y rehabilitaci\u00f3n de edificios, pilares, estructura, fachadas en todo tipo edificios. Ofrecemos buen precio y mejor calidad.","publisher":{"@id":"https:\/\/www.esclapes.com\/en\/#organization"},"potentialAction":[{"@type":"SearchAction","target":{"@type":"EntryPoint","urlTemplate":"https:\/\/www.esclapes.com\/en\/?s={search_term_string}"},"query-input":{"@type":"PropertyValueSpecification","valueRequired":true,"valueName":"search_term_string"}}],"inLanguage":"en-US"},{"@type":["Organization","Place"],"@id":"https:\/\/www.esclapes.com\/en\/#organization","name":"Esclap\u00e9s e Hijos, S.L.","alternateName":"Esclap\u00e9s e Hijos","url":"https:\/\/www.esclapes.com\/en\/","logo":{"@id":"https:\/\/www.esclapes.com\/en\/suppliers\/#local-main-organization-logo"},"image":{"@id":"https:\/\/www.esclapes.com\/en\/suppliers\/#local-main-organization-logo"},"sameAs":["https:\/\/www.linkedin.com\/company\/11000369\/admin\/feed\/posts\/","https:\/\/es.linkedin.com\/company\/esclaps-e-hijos-sl"],"openingHoursSpecification":[{"@type":"OpeningHoursSpecification","dayOfWeek":["Monday","Tuesday","Wednesday","Thursday","Friday","Saturday","Sunday"],"opens":"09:00","closes":"17:00"}]},{"@type":"ImageObject","inLanguage":"en-US","@id":"https:\/\/www.esclapes.com\/en\/suppliers\/#local-main-organization-logo","url":"https:\/\/www.esclapes.com\/wp-content\/uploads\/2023\/07\/ESCLAPES-LOGO-CUADRADO.png","contentUrl":"https:\/\/www.esclapes.com\/wp-content\/uploads\/2023\/07\/ESCLAPES-LOGO-CUADRADO.png","width":1191,"height":1191,"caption":"Esclap\u00e9s e Hijos, S.L."}]}},"_links":{"self":[{"href":"https:\/\/www.esclapes.com\/en\/wp-json\/wp\/v2\/pages\/13430","targetHints":{"allow":["GET"]}}],"collection":[{"href":"https:\/\/www.esclapes.com\/en\/wp-json\/wp\/v2\/pages"}],"about":[{"href":"https:\/\/www.esclapes.com\/en\/wp-json\/wp\/v2\/types\/page"}],"author":[{"embeddable":true,"href":"https:\/\/www.esclapes.com\/en\/wp-json\/wp\/v2\/users\/3"}],"replies":[{"embeddable":true,"href":"https:\/\/www.esclapes.com\/en\/wp-json\/wp\/v2\/comments?post=13430"}],"version-history":[{"count":0,"href":"https:\/\/www.esclapes.com\/en\/wp-json\/wp\/v2\/pages\/13430\/revisions"}],"wp:attachment":[{"href":"https:\/\/www.esclapes.com\/en\/wp-json\/wp\/v2\/media?parent=13430"}],"curies":[{"name":"wp","href":"https:\/\/api.w.org\/{rel}","templated":true}]}}