{"id":12325,"date":"2019-11-07T09:25:51","date_gmt":"2019-11-07T08:25:51","guid":{"rendered":"https:\/\/www.esclapes.com\/?page_id=12325"},"modified":"2019-12-12T09:04:59","modified_gmt":"2019-12-12T08:04:59","slug":"building-refurbishment","status":"publish","type":"page","link":"https:\/\/www.esclapes.com\/en\/building-refurbishment\/","title":{"rendered":"Building Refurbishment"},"content":{"rendered":"<div class=\"wpb-content-wrapper\"><p>[vc_row css_animation=&#8221;&#8221; row_type=&#8221;row&#8221; use_row_as_full_screen_section=&#8221;no&#8221; type=&#8221;full_width&#8221; angled_section=&#8221;no&#8221; text_align=&#8221;left&#8221; background_image_as_pattern=&#8221;without_pattern&#8221;][vc_column][vc_column_text]Esclap\u00e9s e Hijos, S.L is a construction company with extensive experience in <strong>building and facade refurbishment jobs<\/strong>. At present we are mainly active in Torrevieja, Alicante, Playa de San Juan and Benidorm, however we have also completed jobs in other towns in Alicante province.[\/vc_column_text][vc_empty_space][\/vc_column][\/vc_row][vc_row css_animation=&#8221;&#8221; row_type=&#8221;row&#8221; use_row_as_full_screen_section=&#8221;no&#8221; type=&#8221;full_width&#8221; angled_section=&#8221;no&#8221; text_align=&#8221;left&#8221; background_image_as_pattern=&#8221;without_pattern&#8221;][vc_column width=&#8221;1\/2&#8243;][vc_single_image image=&#8221;4909&#8243; img_size=&#8221;full&#8221; qode_css_animation=&#8221;&#8221;][vc_empty_space height=&#8221;20px&#8221;][\/vc_column][vc_column width=&#8221;1\/2&#8243;]\n<div class=\"wpcf7 no-js\" id=\"wpcf7-f8668-o1\" lang=\"\" dir=\"ltr\" data-wpcf7-id=\"8668\">\n<div class=\"screen-reader-response\"><p role=\"status\" aria-live=\"polite\" aria-atomic=\"true\"><\/p> <ul><\/ul><\/div>\n<form action=\"\/en\/wp-json\/wp\/v2\/pages\/12325#wpcf7-f8668-o1\" method=\"post\" class=\"wpcf7-form init default\" aria-label=\"Contact form\" novalidate=\"novalidate\" data-status=\"init\">\n<fieldset class=\"hidden-fields-container\"><input type=\"hidden\" name=\"_wpcf7\" value=\"8668\" \/><input type=\"hidden\" name=\"_wpcf7_version\" value=\"6.1.5\" \/><input type=\"hidden\" name=\"_wpcf7_locale\" value=\"\" \/><input type=\"hidden\" name=\"_wpcf7_unit_tag\" value=\"wpcf7-f8668-o1\" \/><input type=\"hidden\" name=\"_wpcf7_container_post\" value=\"0\" \/><input type=\"hidden\" name=\"_wpcf7_posted_data_hash\" value=\"\" \/><input type=\"hidden\" name=\"_wpcf7_recaptcha_response\" value=\"\" \/>\n<\/fieldset>\n<p><span class=\"wpcf7-form-control-wrap\" data-name=\"nombre\"><input size=\"40\" maxlength=\"400\" class=\"wpcf7-form-control wpcf7-text\" aria-invalid=\"false\" placeholder=\"Name\" value=\"\" type=\"text\" name=\"nombre\" \/><\/span><br \/>\n<span class=\"wpcf7-form-control-wrap\" data-name=\"email\"><input size=\"40\" maxlength=\"400\" class=\"wpcf7-form-control wpcf7-email wpcf7-validates-as-required wpcf7-text wpcf7-validates-as-email\" aria-required=\"true\" aria-invalid=\"false\" placeholder=\"Email*\" value=\"\" type=\"email\" name=\"email\" \/><\/span><br \/>\n<span class=\"wpcf7-form-control-wrap\" data-name=\"telefono\"><input size=\"40\" maxlength=\"400\" class=\"wpcf7-form-control wpcf7-tel wpcf7-text wpcf7-validates-as-tel\" aria-invalid=\"false\" placeholder=\"Phone\" value=\"\" type=\"tel\" name=\"telefono\" \/><\/span><br \/>\n<span class=\"wpcf7-form-control-wrap\" data-name=\"comentario\"><textarea cols=\"40\" rows=\"10\" maxlength=\"2000\" class=\"wpcf7-form-control wpcf7-textarea\" aria-invalid=\"false\" placeholder=\"Write your question here\" name=\"comentario\"><\/textarea><\/span>\n<\/p>\n<p><span class=\"wpcf7-form-control-wrap\" data-name=\"aceptacion\"><span class=\"wpcf7-form-control wpcf7-acceptance\"><span class=\"wpcf7-list-item\"><label><input type=\"checkbox\" name=\"aceptacion\" value=\"1\" aria-invalid=\"false\" \/><span class=\"wpcf7-list-item-label\">I have read and accept the <a href=\"https:\/\/www.esclapes.com\/en\/privacy-policy\/\" target=\"_blank\" rel=\"noopener noreferrer\">Privacy Policy.<\/a><\/span><\/label><\/span><\/span><\/span>\n<\/p>\n<p><input class=\"wpcf7-form-control wpcf7-submit has-spinner\" type=\"submit\" value=\"Send\" \/>\n<\/p><div class=\"wpcf7-response-output\" aria-hidden=\"true\"><\/div>\n<\/form>\n<\/div>\n[vc_empty_space][\/vc_column][\/vc_row][vc_row css_animation=&#8221;&#8221; row_type=&#8221;row&#8221; use_row_as_full_screen_section=&#8221;no&#8221; type=&#8221;full_width&#8221; angled_section=&#8221;no&#8221; text_align=&#8221;left&#8221; background_image_as_pattern=&#8221;without_pattern&#8221;][vc_column][vc_column_text]<\/p>\n<h3>We can help you get 100% finance for jobs in your community.<\/h3>\n<p>In all communities of owners there are many significant expenses relating to refurbishing buildings. Esclap\u00e9s e Hijos can help you get 100% finance for these jobs .<\/p>\n<h2>Why Esclap\u00e9s e hijos?<\/h2>\n<p>In repairing structures, pillars, balconies etc., it is vital that you surround yourself with team members \u2013 both technicians and skilled labourers \u2013 who are experienced in their field. For this reason, Esclap\u00e9s e hijos employs its own staff to carry out these jobs. Thanks to their expertise in the field, we always succeed in obtaining excellent results at very competitive rates.<\/p>\n<p><img decoding=\"async\" class=\"aligncenter wp-image-11712 size-large\" src=\"https:\/\/www.esclapes.com\/wp-content\/uploads\/2018\/01\/Rehabilitaci\u00f3n-de-fachadas-1024x284.jpg\" alt=\"Rehabilitaci\u00f3n de fachadas\" width=\"1024\" height=\"284\" srcset=\"https:\/\/www.esclapes.com\/wp-content\/uploads\/2018\/01\/Rehabilitaci\u00f3n-de-fachadas-1024x284.jpg 1024w, https:\/\/www.esclapes.com\/wp-content\/uploads\/2018\/01\/Rehabilitaci\u00f3n-de-fachadas-300x83.jpg 300w, https:\/\/www.esclapes.com\/wp-content\/uploads\/2018\/01\/Rehabilitaci\u00f3n-de-fachadas-768x213.jpg 768w, https:\/\/www.esclapes.com\/wp-content\/uploads\/2018\/01\/Rehabilitaci\u00f3n-de-fachadas-700x194.jpg 700w, https:\/\/www.esclapes.com\/wp-content\/uploads\/2018\/01\/Rehabilitaci\u00f3n-de-fachadas.jpg 1080w\" sizes=\"(max-width: 1024px) 100vw, 1024px\" \/><\/p>\n<h2>Why refurbish buildings?<\/h2>\n<p>Construction is temporary and after years in existence structures deteriorate. With this in mind we must be prepared for possible faults that can arise in buildings so that they can be repaired which will without a doubt prolong their lifespan. In addition to the aging process that buildings undergo, their exposure to the harsh elements particular to the coast leaves them susceptible to increased deterioration. Therefore if any irregularity is detected, such as cracks, detachment of some part, subsidence, etc., we should be contacted without hesitation to inform us about what fault has occurred in your community.<\/p>\n<h3>Can the refurbishment wait?<\/h3>\n<p>Early detection of a structural problem means a simpler and therefore more economical repair.<\/p>\n<p><img decoding=\"async\" class=\"aligncenter size-full wp-image-11713\" src=\"https:\/\/www.esclapes.com\/wp-content\/uploads\/2018\/01\/reparaci\u00f3n-de-estructuras.jpg\" alt=\"reparaci\u00f3n de estructuras\" width=\"1080\" height=\"300\" srcset=\"https:\/\/www.esclapes.com\/wp-content\/uploads\/2018\/01\/reparaci\u00f3n-de-estructuras.jpg 1080w, https:\/\/www.esclapes.com\/wp-content\/uploads\/2018\/01\/reparaci\u00f3n-de-estructuras-300x83.jpg 300w, https:\/\/www.esclapes.com\/wp-content\/uploads\/2018\/01\/reparaci\u00f3n-de-estructuras-768x213.jpg 768w, https:\/\/www.esclapes.com\/wp-content\/uploads\/2018\/01\/reparaci\u00f3n-de-estructuras-1024x284.jpg 1024w, https:\/\/www.esclapes.com\/wp-content\/uploads\/2018\/01\/reparaci\u00f3n-de-estructuras-700x194.jpg 700w\" sizes=\"(max-width: 1080px) 100vw, 1080px\" \/><\/p>\n<h2>Our experience in repairing and refurbishing buildings focuses mainly on the<\/h2>\n<h2>following:<\/h2>\n<h3>STRUCTURAL REPAIR OF FLOOR SLABS AND BALCONIES<\/h3>\n<p>This fault is often caused by the lack of concrete coating, the embedding of metal components in the slab, such as the banister handrails and are also caused by the lack of gutters.<\/p>\n<h3>REPAIR OF CONCRETE PILLARS<\/h3>\n<p>This fault usually occurs mainly in the ground floor pillars, since they are usually most exposed to the elements. The concrete that protects the reinforcement can lose alkalinity and consequently the steel begins to rust and deteriorate the structure. Garages or wetrooms with poor ventilation and which are prone to humidity are particularly susceptible to the deterioration of these structures.<\/p>\n<h3>SLAB AND BEAM REPAIR<\/h3>\n<p>As mentioned previously, pillars and other components are damaged by humid environments, such as the ceilings of the top floors of houses due to water leaks on the roof, or indeed the floor on which toilets and kitchens sit.<\/p>\n<h3>STRUCTURAL REINFORCEMENT JOISTS AND PILLARS<\/h3>\n<p>In every phase of refurbishment there is a point at which deterioration is so bad that the component cannot be restored, so the decision must be made to install a reinforcement to replace that component. In the case of joists, a new metal beam is placed under the damaged one, providing support to the beam. IPE or IPN laminated profiles are usually the types used in homes afflicted by aluminosis (degeneration of cement). And in the case of pillars, the perimeter is usually reinforced with a metal casing, which is\u00a0 supplemented with new pillars around the outside.<\/p>\n<h3>FOUNDATION UNDERPINNING<\/h3>\n<p>There are times that due to the change of the features of the land, to unforeseen overloads, or under-estimating the size of the shoes, they must be enlarged and sized correctly to transport the loads to the ground, starting by increasing their dimensions.<\/p>\n<h3>REPAIR AND WATERPROOFING OF THE FACADE<\/h3>\n<p>In many buildings there are cracks on the cladding of the facade or dividing walls, allowing water to enter these areas.<\/p>\n<p><img decoding=\"async\" class=\"wp-image-11714 size-large alignright\" src=\"https:\/\/www.esclapes.com\/wp-content\/uploads\/2018\/01\/REFUERZO-ESTRUCTURAL-CON-VIGAS-METALICAS-1024x568.jpg\" alt=\"REFUERZO-ESTRUCTURAL-CON-VIGAS-METALICAS\" width=\"720\" height=\"399\" srcset=\"https:\/\/www.esclapes.com\/wp-content\/uploads\/2018\/01\/REFUERZO-ESTRUCTURAL-CON-VIGAS-METALICAS-1024x568.jpg 1024w, https:\/\/www.esclapes.com\/wp-content\/uploads\/2018\/01\/REFUERZO-ESTRUCTURAL-CON-VIGAS-METALICAS-300x166.jpg 300w, https:\/\/www.esclapes.com\/wp-content\/uploads\/2018\/01\/REFUERZO-ESTRUCTURAL-CON-VIGAS-METALICAS-768x426.jpg 768w, https:\/\/www.esclapes.com\/wp-content\/uploads\/2018\/01\/REFUERZO-ESTRUCTURAL-CON-VIGAS-METALICAS-700x388.jpg 700w, https:\/\/www.esclapes.com\/wp-content\/uploads\/2018\/01\/REFUERZO-ESTRUCTURAL-CON-VIGAS-METALICAS.jpg 1080w\" sizes=\"(max-width: 720px) 100vw, 720px\" \/><\/p>\n<h3>REPAIR AND WATERPROOFING OF COVERED AND COMMUNAL AREAS<\/h3>\n<p>This problem we do not find indistinctly in works of advanced age and in works of recent construction. Primarily it is due to covers where the waterproofing has come to the end of its tether. On the other hand, this fault can be found in recent construction projects, and is often due to lack of perimeter overlaps, no expansion joints, as well as poor installation of the sheet.<\/p>\n<h3>REPAIR OF OTHER BUILDING FAULTS<\/h3>\n<p>We have only mentioned some of the more common faults that are found but there are many more out there. Above all else, the most important thing is that they are looked at and inspected by a technician. For this reason, contact ESCLAP\u00c9S E HIJOS without any obligation and upon visiting the community we will report what faults we have detected in order to solve your problem. Do not hesitate to call us.[\/vc_column_text][vc_empty_space][\/vc_column][\/vc_row]<\/p>\n<\/div>","protected":false},"excerpt":{"rendered":"<p>[vc_row css_animation=&#8221;&#8221; row_type=&#8221;row&#8221; use_row_as_full_screen_section=&#8221;no&#8221; type=&#8221;full_width&#8221; angled_section=&#8221;no&#8221; text_align=&#8221;left&#8221; background_image_as_pattern=&#8221;without_pattern&#8221;][vc_column][vc_column_text]Esclap\u00e9s e Hijos, S.L is a construction company with extensive experience in building and facade refurbishment jobs. At present we are mainly active in Torrevieja, Alicante, Playa de San Juan and Benidorm, however we have also completed jobs&#8230;<\/p>\n","protected":false},"author":1,"featured_media":11711,"parent":0,"menu_order":0,"comment_status":"closed","ping_status":"closed","template":"full_width.php","meta":{"rs_blank_template":"","rs_page_bg_color":"","slide_template_v7":"","footnotes":""},"class_list":["post-12325","page","type-page","status-publish","has-post-thumbnail","hentry"],"yoast_head":"<!-- This site is optimized with the Yoast SEO Premium plugin v24.9 (Yoast SEO v27.4) - https:\/\/yoast.com\/product\/yoast-seo-premium-wordpress\/ -->\n<title>Building Refurbishment - Esclap\u00e9s e Hijos, S.L.<\/title>\n<meta name=\"robots\" content=\"index, follow, max-snippet:-1, max-image-preview:large, max-video-preview:-1\" \/>\n<link rel=\"canonical\" href=\"https:\/\/www.esclapes.com\/en\/building-refurbishment\/\" \/>\n<meta property=\"og:locale\" content=\"en_US\" \/>\n<meta property=\"og:type\" content=\"article\" \/>\n<meta property=\"og:title\" content=\"Building Refurbishment\" \/>\n<meta property=\"og:description\" content=\"[vc_row css_animation=&#8221;&#8221; row_type=&#8221;row&#8221; use_row_as_full_screen_section=&#8221;no&#8221; type=&#8221;full_width&#8221; angled_section=&#8221;no&#8221; text_align=&#8221;left&#8221; background_image_as_pattern=&#8221;without_pattern&#8221;][vc_column][vc_column_text]Esclap\u00e9s e Hijos, S.L is a construction company with extensive experience in building and facade refurbishment jobs. At present we are mainly active in Torrevieja, Alicante, Playa de San Juan and Benidorm, however we have also completed jobs...\" \/>\n<meta property=\"og:url\" content=\"https:\/\/www.esclapes.com\/en\/building-refurbishment\/\" \/>\n<meta property=\"og:site_name\" content=\"Esclap\u00e9s e Hijos, S.L.\" \/>\n<meta property=\"article:modified_time\" content=\"2019-12-12T08:04:59+00:00\" \/>\n<meta property=\"og:image\" content=\"https:\/\/www.esclapes.com\/wp-content\/uploads\/2018\/01\/REPARACION-CANTOS-FORJADO-TRABAJOS-VERICALES-1.jpg\" \/>\n\t<meta property=\"og:image:width\" content=\"594\" \/>\n\t<meta property=\"og:image:height\" content=\"446\" \/>\n\t<meta property=\"og:image:type\" content=\"image\/jpeg\" \/>\n<meta name=\"twitter:card\" content=\"summary_large_image\" \/>\n<meta name=\"twitter:label1\" content=\"Est. reading time\" \/>\n\t<meta name=\"twitter:data1\" content=\"5 minutes\" \/>\n<script type=\"application\/ld+json\" class=\"yoast-schema-graph\">{\"@context\":\"https:\\\/\\\/schema.org\",\"@graph\":[{\"@type\":\"WebPage\",\"@id\":\"https:\\\/\\\/www.esclapes.com\\\/en\\\/building-refurbishment\\\/\",\"url\":\"https:\\\/\\\/www.esclapes.com\\\/en\\\/building-refurbishment\\\/\",\"name\":\"Building Refurbishment - Esclap\u00e9s e Hijos, S.L.\",\"isPartOf\":{\"@id\":\"https:\\\/\\\/www.esclapes.com\\\/en\\\/#website\"},\"primaryImageOfPage\":{\"@id\":\"https:\\\/\\\/www.esclapes.com\\\/en\\\/building-refurbishment\\\/#primaryimage\"},\"image\":{\"@id\":\"https:\\\/\\\/www.esclapes.com\\\/en\\\/building-refurbishment\\\/#primaryimage\"},\"thumbnailUrl\":\"https:\\\/\\\/www.esclapes.com\\\/wp-content\\\/uploads\\\/2018\\\/01\\\/REPARACION-CANTOS-FORJADO-TRABAJOS-VERICALES-1.jpg\",\"datePublished\":\"2019-11-07T08:25:51+00:00\",\"dateModified\":\"2019-12-12T08:04:59+00:00\",\"breadcrumb\":{\"@id\":\"https:\\\/\\\/www.esclapes.com\\\/en\\\/building-refurbishment\\\/#breadcrumb\"},\"inLanguage\":\"en-US\",\"potentialAction\":[{\"@type\":\"ReadAction\",\"target\":[\"https:\\\/\\\/www.esclapes.com\\\/en\\\/building-refurbishment\\\/\"]}]},{\"@type\":\"ImageObject\",\"inLanguage\":\"en-US\",\"@id\":\"https:\\\/\\\/www.esclapes.com\\\/en\\\/building-refurbishment\\\/#primaryimage\",\"url\":\"https:\\\/\\\/www.esclapes.com\\\/wp-content\\\/uploads\\\/2018\\\/01\\\/REPARACION-CANTOS-FORJADO-TRABAJOS-VERICALES-1.jpg\",\"contentUrl\":\"https:\\\/\\\/www.esclapes.com\\\/wp-content\\\/uploads\\\/2018\\\/01\\\/REPARACION-CANTOS-FORJADO-TRABAJOS-VERICALES-1.jpg\",\"width\":594,\"height\":446,\"caption\":\"trabajos verticales en obras de rehabilitaci\u00f3n de un edificio\"},{\"@type\":\"BreadcrumbList\",\"@id\":\"https:\\\/\\\/www.esclapes.com\\\/en\\\/building-refurbishment\\\/#breadcrumb\",\"itemListElement\":[{\"@type\":\"ListItem\",\"position\":1,\"name\":\"Portada\",\"item\":\"https:\\\/\\\/www.esclapes.com\\\/en\\\/\"},{\"@type\":\"ListItem\",\"position\":2,\"name\":\"Building Refurbishment\"}]},{\"@type\":\"WebSite\",\"@id\":\"https:\\\/\\\/www.esclapes.com\\\/en\\\/#website\",\"url\":\"https:\\\/\\\/www.esclapes.com\\\/en\\\/\",\"name\":\"Esclap\u00e9s e Hijos, S.L.\",\"description\":\"Construcci\u00f3n de naves industriales y rehabilitaci\u00f3n de edificios, pilares, estructura, fachadas en todo tipo edificios. Ofrecemos buen precio y mejor calidad.\",\"publisher\":{\"@id\":\"https:\\\/\\\/www.esclapes.com\\\/en\\\/#organization\"},\"potentialAction\":[{\"@type\":\"SearchAction\",\"target\":{\"@type\":\"EntryPoint\",\"urlTemplate\":\"https:\\\/\\\/www.esclapes.com\\\/en\\\/?s={search_term_string}\"},\"query-input\":{\"@type\":\"PropertyValueSpecification\",\"valueRequired\":true,\"valueName\":\"search_term_string\"}}],\"inLanguage\":\"en-US\"},{\"@type\":[\"Organization\",\"Place\"],\"@id\":\"https:\\\/\\\/www.esclapes.com\\\/en\\\/#organization\",\"name\":\"Esclap\u00e9s e Hijos, S.L.\",\"alternateName\":\"Esclap\u00e9s e Hijos\",\"url\":\"https:\\\/\\\/www.esclapes.com\\\/en\\\/\",\"logo\":{\"@id\":\"https:\\\/\\\/www.esclapes.com\\\/en\\\/building-refurbishment\\\/#local-main-organization-logo\"},\"image\":{\"@id\":\"https:\\\/\\\/www.esclapes.com\\\/en\\\/building-refurbishment\\\/#local-main-organization-logo\"},\"sameAs\":[\"https:\\\/\\\/www.linkedin.com\\\/company\\\/11000369\\\/admin\\\/feed\\\/posts\\\/\",\"https:\\\/\\\/es.linkedin.com\\\/company\\\/esclaps-e-hijos-sl\"],\"openingHoursSpecification\":[{\"@type\":\"OpeningHoursSpecification\",\"dayOfWeek\":[\"Monday\",\"Tuesday\",\"Wednesday\",\"Thursday\",\"Friday\",\"Saturday\",\"Sunday\"],\"opens\":\"09:00\",\"closes\":\"17:00\"}]},{\"@type\":\"ImageObject\",\"inLanguage\":\"en-US\",\"@id\":\"https:\\\/\\\/www.esclapes.com\\\/en\\\/building-refurbishment\\\/#local-main-organization-logo\",\"url\":\"https:\\\/\\\/www.esclapes.com\\\/wp-content\\\/uploads\\\/2023\\\/07\\\/ESCLAPES-LOGO-CUADRADO.png\",\"contentUrl\":\"https:\\\/\\\/www.esclapes.com\\\/wp-content\\\/uploads\\\/2023\\\/07\\\/ESCLAPES-LOGO-CUADRADO.png\",\"width\":1191,\"height\":1191,\"caption\":\"Esclap\u00e9s e Hijos, S.L.\"}]}<\/script>\n<!-- \/ Yoast SEO Premium plugin. -->","yoast_head_json":{"title":"Building Refurbishment - Esclap\u00e9s e Hijos, S.L.","robots":{"index":"index","follow":"follow","max-snippet":"max-snippet:-1","max-image-preview":"max-image-preview:large","max-video-preview":"max-video-preview:-1"},"canonical":"https:\/\/www.esclapes.com\/en\/building-refurbishment\/","og_locale":"en_US","og_type":"article","og_title":"Building Refurbishment","og_description":"[vc_row css_animation=&#8221;&#8221; row_type=&#8221;row&#8221; use_row_as_full_screen_section=&#8221;no&#8221; type=&#8221;full_width&#8221; angled_section=&#8221;no&#8221; text_align=&#8221;left&#8221; background_image_as_pattern=&#8221;without_pattern&#8221;][vc_column][vc_column_text]Esclap\u00e9s e Hijos, S.L is a construction company with extensive experience in building and facade refurbishment jobs. At present we are mainly active in Torrevieja, Alicante, Playa de San Juan and Benidorm, however we have also completed jobs...","og_url":"https:\/\/www.esclapes.com\/en\/building-refurbishment\/","og_site_name":"Esclap\u00e9s e Hijos, S.L.","article_modified_time":"2019-12-12T08:04:59+00:00","og_image":[{"width":594,"height":446,"url":"https:\/\/www.esclapes.com\/wp-content\/uploads\/2018\/01\/REPARACION-CANTOS-FORJADO-TRABAJOS-VERICALES-1.jpg","type":"image\/jpeg"}],"twitter_card":"summary_large_image","twitter_misc":{"Est. reading time":"5 minutes"},"schema":{"@context":"https:\/\/schema.org","@graph":[{"@type":"WebPage","@id":"https:\/\/www.esclapes.com\/en\/building-refurbishment\/","url":"https:\/\/www.esclapes.com\/en\/building-refurbishment\/","name":"Building Refurbishment - Esclap\u00e9s e Hijos, S.L.","isPartOf":{"@id":"https:\/\/www.esclapes.com\/en\/#website"},"primaryImageOfPage":{"@id":"https:\/\/www.esclapes.com\/en\/building-refurbishment\/#primaryimage"},"image":{"@id":"https:\/\/www.esclapes.com\/en\/building-refurbishment\/#primaryimage"},"thumbnailUrl":"https:\/\/www.esclapes.com\/wp-content\/uploads\/2018\/01\/REPARACION-CANTOS-FORJADO-TRABAJOS-VERICALES-1.jpg","datePublished":"2019-11-07T08:25:51+00:00","dateModified":"2019-12-12T08:04:59+00:00","breadcrumb":{"@id":"https:\/\/www.esclapes.com\/en\/building-refurbishment\/#breadcrumb"},"inLanguage":"en-US","potentialAction":[{"@type":"ReadAction","target":["https:\/\/www.esclapes.com\/en\/building-refurbishment\/"]}]},{"@type":"ImageObject","inLanguage":"en-US","@id":"https:\/\/www.esclapes.com\/en\/building-refurbishment\/#primaryimage","url":"https:\/\/www.esclapes.com\/wp-content\/uploads\/2018\/01\/REPARACION-CANTOS-FORJADO-TRABAJOS-VERICALES-1.jpg","contentUrl":"https:\/\/www.esclapes.com\/wp-content\/uploads\/2018\/01\/REPARACION-CANTOS-FORJADO-TRABAJOS-VERICALES-1.jpg","width":594,"height":446,"caption":"trabajos verticales en obras de rehabilitaci\u00f3n de un edificio"},{"@type":"BreadcrumbList","@id":"https:\/\/www.esclapes.com\/en\/building-refurbishment\/#breadcrumb","itemListElement":[{"@type":"ListItem","position":1,"name":"Portada","item":"https:\/\/www.esclapes.com\/en\/"},{"@type":"ListItem","position":2,"name":"Building Refurbishment"}]},{"@type":"WebSite","@id":"https:\/\/www.esclapes.com\/en\/#website","url":"https:\/\/www.esclapes.com\/en\/","name":"Esclap\u00e9s e Hijos, S.L.","description":"Construcci\u00f3n de naves industriales y rehabilitaci\u00f3n de edificios, pilares, estructura, fachadas en todo tipo edificios. Ofrecemos buen precio y mejor calidad.","publisher":{"@id":"https:\/\/www.esclapes.com\/en\/#organization"},"potentialAction":[{"@type":"SearchAction","target":{"@type":"EntryPoint","urlTemplate":"https:\/\/www.esclapes.com\/en\/?s={search_term_string}"},"query-input":{"@type":"PropertyValueSpecification","valueRequired":true,"valueName":"search_term_string"}}],"inLanguage":"en-US"},{"@type":["Organization","Place"],"@id":"https:\/\/www.esclapes.com\/en\/#organization","name":"Esclap\u00e9s e Hijos, S.L.","alternateName":"Esclap\u00e9s e Hijos","url":"https:\/\/www.esclapes.com\/en\/","logo":{"@id":"https:\/\/www.esclapes.com\/en\/building-refurbishment\/#local-main-organization-logo"},"image":{"@id":"https:\/\/www.esclapes.com\/en\/building-refurbishment\/#local-main-organization-logo"},"sameAs":["https:\/\/www.linkedin.com\/company\/11000369\/admin\/feed\/posts\/","https:\/\/es.linkedin.com\/company\/esclaps-e-hijos-sl"],"openingHoursSpecification":[{"@type":"OpeningHoursSpecification","dayOfWeek":["Monday","Tuesday","Wednesday","Thursday","Friday","Saturday","Sunday"],"opens":"09:00","closes":"17:00"}]},{"@type":"ImageObject","inLanguage":"en-US","@id":"https:\/\/www.esclapes.com\/en\/building-refurbishment\/#local-main-organization-logo","url":"https:\/\/www.esclapes.com\/wp-content\/uploads\/2023\/07\/ESCLAPES-LOGO-CUADRADO.png","contentUrl":"https:\/\/www.esclapes.com\/wp-content\/uploads\/2023\/07\/ESCLAPES-LOGO-CUADRADO.png","width":1191,"height":1191,"caption":"Esclap\u00e9s e Hijos, S.L."}]}},"_links":{"self":[{"href":"https:\/\/www.esclapes.com\/en\/wp-json\/wp\/v2\/pages\/12325","targetHints":{"allow":["GET"]}}],"collection":[{"href":"https:\/\/www.esclapes.com\/en\/wp-json\/wp\/v2\/pages"}],"about":[{"href":"https:\/\/www.esclapes.com\/en\/wp-json\/wp\/v2\/types\/page"}],"author":[{"embeddable":true,"href":"https:\/\/www.esclapes.com\/en\/wp-json\/wp\/v2\/users\/1"}],"replies":[{"embeddable":true,"href":"https:\/\/www.esclapes.com\/en\/wp-json\/wp\/v2\/comments?post=12325"}],"version-history":[{"count":0,"href":"https:\/\/www.esclapes.com\/en\/wp-json\/wp\/v2\/pages\/12325\/revisions"}],"wp:featuredmedia":[{"embeddable":true,"href":"https:\/\/www.esclapes.com\/en\/wp-json\/wp\/v2\/media\/11711"}],"wp:attachment":[{"href":"https:\/\/www.esclapes.com\/en\/wp-json\/wp\/v2\/media?parent=12325"}],"curies":[{"name":"wp","href":"https:\/\/api.w.org\/{rel}","templated":true}]}}