{"id":12322,"date":"2019-11-07T09:23:02","date_gmt":"2019-11-07T08:23:02","guid":{"rendered":"https:\/\/www.esclapes.com\/?page_id=12322"},"modified":"2019-12-11T10:24:02","modified_gmt":"2019-12-11T09:24:02","slug":"private-work-hotel-refurbishment","status":"publish","type":"page","link":"https:\/\/www.esclapes.com\/en\/private-work-hotel-refurbishment\/","title":{"rendered":"Private Work &#8211; Hotel Refurbishment"},"content":{"rendered":"<div class=\"wpb-content-wrapper\"><p>[vc_row css_animation=&#8221;&#8221; row_type=&#8221;row&#8221; use_row_as_full_screen_section=&#8221;no&#8221; type=&#8221;grid&#8221; angled_section=&#8221;no&#8221; text_align=&#8221;left&#8221; background_image_as_pattern=&#8221;without_pattern&#8221; z_index=&#8221;&#8221; css=&#8221;.vc_custom_1556303263953{padding-top: 100px !important;padding-bottom: 120px !important;}&#8221;][vc_column width=&#8221;1\/2&#8243;][vc_column_text]<\/p>\n<h1>Private Work &#8211; Hotel Reform<\/h1>\n<p>If you are looking for a company to reform your hotel, you have found the company you need. We take care of everything you need to carry out all kinds of reform work in your hotel:<\/p>\n<p>&#8211; Our technical team meets with you to give you an opportunity to explain your requirements and ideas for the refurbishment of your hotel.<\/p>\n<p>&#8211; We visit the hotel and advise you on the administrative requirements of accommodating your project.<\/p>\n<p>&#8211; We draw up a draft of the project and upon your approval we prepare a budget, both fixed-price and turnkey.<\/p>\n<p>&#8211; We offer advice on materials and their quality.<\/p>\n<p>We are backed by more than 20 years experience working with clients who can attest to our quality service.<\/p>\n<p>Furthermore, we are considerate of our work environment having obtained quality seals of approval: iso 14001<\/p>\n<p>And more importantly still, we work without middlemen.[\/vc_column_text][\/vc_column][vc_column width=&#8221;1\/2&#8243;][vc_empty_space][vc_column_text]<\/p>\n<h3 style=\"text-align: center;\"><strong>Contact Us<\/strong><\/h3>\n<p>[\/vc_column_text][vc_empty_space][vc_row_inner row_type=&#8221;row&#8221; type=&#8221;full_width&#8221; text_align=&#8221;left&#8221; css_animation=&#8221;&#8221;][vc_column_inner width=&#8221;1\/12&#8243;][\/vc_column_inner][vc_column_inner width=&#8221;11\/12&#8243;]\n<div class=\"wpcf7 no-js\" id=\"wpcf7-f8668-o1\" lang=\"\" dir=\"ltr\" data-wpcf7-id=\"8668\">\n<div class=\"screen-reader-response\"><p role=\"status\" aria-live=\"polite\" aria-atomic=\"true\"><\/p> <ul><\/ul><\/div>\n<form action=\"\/en\/wp-json\/wp\/v2\/pages\/12322#wpcf7-f8668-o1\" method=\"post\" class=\"wpcf7-form init default\" aria-label=\"Contact form\" novalidate=\"novalidate\" data-status=\"init\">\n<fieldset class=\"hidden-fields-container\"><input type=\"hidden\" name=\"_wpcf7\" value=\"8668\" \/><input type=\"hidden\" name=\"_wpcf7_version\" value=\"6.1.5\" \/><input type=\"hidden\" name=\"_wpcf7_locale\" value=\"\" \/><input type=\"hidden\" name=\"_wpcf7_unit_tag\" value=\"wpcf7-f8668-o1\" \/><input type=\"hidden\" name=\"_wpcf7_container_post\" value=\"0\" \/><input type=\"hidden\" name=\"_wpcf7_posted_data_hash\" value=\"\" \/><input type=\"hidden\" name=\"_wpcf7_recaptcha_response\" value=\"\" \/>\n<\/fieldset>\n<p><span class=\"wpcf7-form-control-wrap\" data-name=\"nombre\"><input size=\"40\" maxlength=\"400\" class=\"wpcf7-form-control wpcf7-text\" aria-invalid=\"false\" placeholder=\"Name\" value=\"\" type=\"text\" name=\"nombre\" \/><\/span><br \/>\n<span class=\"wpcf7-form-control-wrap\" data-name=\"email\"><input size=\"40\" maxlength=\"400\" class=\"wpcf7-form-control wpcf7-email wpcf7-validates-as-required wpcf7-text wpcf7-validates-as-email\" aria-required=\"true\" aria-invalid=\"false\" placeholder=\"Email*\" value=\"\" type=\"email\" name=\"email\" \/><\/span><br \/>\n<span class=\"wpcf7-form-control-wrap\" data-name=\"telefono\"><input size=\"40\" maxlength=\"400\" class=\"wpcf7-form-control wpcf7-tel wpcf7-text wpcf7-validates-as-tel\" aria-invalid=\"false\" placeholder=\"Phone\" value=\"\" type=\"tel\" name=\"telefono\" \/><\/span><br \/>\n<span class=\"wpcf7-form-control-wrap\" data-name=\"comentario\"><textarea cols=\"40\" rows=\"10\" maxlength=\"2000\" class=\"wpcf7-form-control wpcf7-textarea\" aria-invalid=\"false\" placeholder=\"Write your question here\" name=\"comentario\"><\/textarea><\/span>\n<\/p>\n<p><span class=\"wpcf7-form-control-wrap\" data-name=\"aceptacion\"><span class=\"wpcf7-form-control wpcf7-acceptance\"><span class=\"wpcf7-list-item\"><label><input type=\"checkbox\" name=\"aceptacion\" value=\"1\" aria-invalid=\"false\" \/><span class=\"wpcf7-list-item-label\">I have read and accept the <a href=\"https:\/\/www.esclapes.com\/en\/privacy-policy\/\" target=\"_blank\" rel=\"noopener noreferrer\">Privacy Policy.<\/a><\/span><\/label><\/span><\/span><\/span>\n<\/p>\n<p><input class=\"wpcf7-form-control wpcf7-submit has-spinner\" type=\"submit\" value=\"Send\" \/>\n<\/p><div class=\"wpcf7-response-output\" aria-hidden=\"true\"><\/div>\n<\/form>\n<\/div>\n[\/vc_column_inner][\/vc_row_inner][\/vc_column][\/vc_row][vc_row css_animation=&#8221;&#8221; row_type=&#8221;row&#8221; use_row_as_full_screen_section=&#8221;no&#8221; type=&#8221;grid&#8221; angled_section=&#8221;no&#8221; text_align=&#8221;left&#8221; background_image_as_pattern=&#8221;without_pattern&#8221; css=&#8221;.vc_custom_1556304055939{padding-top: 80px !important;padding-bottom: 120px !important;background-color: #e8ecf6 !important;}&#8221; z_index=&#8221;&#8221;][vc_column][vc_empty_space height=&#8221;30px&#8221;][vc_column_text]<\/p>\n<h3 style=\"text-align: center;\"><strong>Completed Jobs<\/strong><\/h3>\n<p>[\/vc_column_text][vc_empty_space]<div class='blog_slider_holder clearfix '><div class='blog_slider blog_slider_carousel' data-blogs_shown='3' data-auto_start='false'><ul class='blog_slides'><li class='item'><div class=\"item_holder\"><div class=\"blog_text_holder info_bottom\" ><div class=\"blog_text_holder_outer\"><div class=\"blog_text_date_holder\"><div itemprop=\"dateCreated\" class=\"blog_slider_date_holder entry_date updated\"><span class=\"blog_slider_day\" style= \"\" >17<\/span><span class=\"blog_slider_month\" style= \"\">Aug<\/span><meta itemprop=\"interactionCount\" content=\"UserComments:0\"\/><\/div><\/div><div class=\"blog_text_holder_inner\"><h3 itemprop=\"name\" class=\"blog_slider_title entry_title\" ><a itemprop=\"url\" href=\"https:\/\/www.esclapes.com\/en\/hotel-selomar-benidorm\/\" >HOTEL SELOMAR BENIDORM<\/a><\/h3><div class=\"blog_slider_categories\"><a itemprop=\"url\" class=\"blog_project_category\"  href=\"https:\/\/www.esclapes.com\/en\/categoria\/benidorm-en\/\">Benidorm \/  <\/a> <a itemprop=\"url\" class=\"blog_project_category\"  href=\"https:\/\/www.esclapes.com\/en\/categoria\/blog\/\">Blog \/  <\/a> <a itemprop=\"url\" class=\"blog_project_category\"  href=\"https:\/\/www.esclapes.com\/en\/categoria\/private-works\/hotel-renovation\/\">Hotel renovation <\/a> <\/div><\/div><\/div><\/div><div class=\"blog_image_holder\"><span class=\"image\"><img decoding=\"async\" src=\"https:\/\/www.esclapes.com\/wp-content\/uploads\/2018\/08\/HOTEL-SELOMAR-BENIDROM-FACHADA-ESCLAPES6-300x200.jpeg\" alt=\"refor\" width=\"300\" height=\"200\" \/><\/span><\/div><\/div><\/li><li class='item'><div class=\"item_holder\"><div class=\"blog_text_holder info_bottom\" ><div class=\"blog_text_holder_outer\"><div class=\"blog_text_date_holder\"><div itemprop=\"dateCreated\" class=\"blog_slider_date_holder entry_date updated\"><span class=\"blog_slider_day\" style= \"\" >17<\/span><span class=\"blog_slider_month\" style= \"\">Jan<\/span><meta itemprop=\"interactionCount\" content=\"UserComments:0\"\/><\/div><\/div><div class=\"blog_text_holder_inner\"><h3 itemprop=\"name\" class=\"blog_slider_title entry_title\" ><a itemprop=\"url\" href=\"https:\/\/www.esclapes.com\/en\/refurbishment-hotel-avenida-benidorm\/\" >REFURBISHMENT OF HOTEL AVENIDA IN BENIDORM, ALICANTE<\/a><\/h3><div class=\"blog_slider_categories\"><a itemprop=\"url\" class=\"blog_project_category\"  href=\"https:\/\/www.esclapes.com\/en\/categoria\/alicante-en\/\">Alicante \/  <\/a> <a itemprop=\"url\" class=\"blog_project_category\"  href=\"https:\/\/www.esclapes.com\/en\/categoria\/benidorm-en\/\">Benidorm \/  <\/a> <a itemprop=\"url\" class=\"blog_project_category\"  href=\"https:\/\/www.esclapes.com\/en\/categoria\/blog\/\">Blog \/  <\/a> <a itemprop=\"url\" class=\"blog_project_category\"  href=\"https:\/\/www.esclapes.com\/en\/categoria\/private-works\/building\/\">Building \/  <\/a> <a itemprop=\"url\" class=\"blog_project_category\"  href=\"https:\/\/www.esclapes.com\/en\/categoria\/private-works\/hotel-renovation\/\">Hotel renovation \/  <\/a> <a itemprop=\"url\" class=\"blog_project_category\"  href=\"https:\/\/www.esclapes.com\/en\/categoria\/private-works\/\">Private works \/  <\/a> <a itemprop=\"url\" class=\"blog_project_category\"  href=\"https:\/\/www.esclapes.com\/en\/categoria\/renovations-upgrades\/private-works-renovations\/\">Private works \/  <\/a> <a itemprop=\"url\" class=\"blog_project_category\"  href=\"https:\/\/www.esclapes.com\/en\/categoria\/renovations-upgrades\/\">Renovations and upgrades <\/a> <\/div><\/div><\/div><\/div><div class=\"blog_image_holder\"><span class=\"image\"><img decoding=\"async\" src=\"https:\/\/www.esclapes.com\/wp-content\/uploads\/2016\/07\/Rehabilitaci\u00f3n-Hotel-Avenida-Benidorm-Esclapes-e-Hijos-SL04-300x200.jpg\" alt=\"Rehabilitaci\u00f3n del Hotel Avenida Benidorm \" width=\"300\" height=\"200\" \/><\/span><\/div><\/div><\/li><\/ul><ul class=\"caroufredsel-direction-nav\"><li><a id=\"caroufredsel-prev\" class=\"caroufredsel-prev\" href=\"#\"><div><i class=\"fa fa-angle-left\"><\/i><\/div><\/a><\/li><li><a class=\"caroufredsel-next\" id=\"caroufredsel-next\" href=\"#\"><div><i class=\"fa fa-angle-right\"><\/i><\/div><\/a><\/li><\/ul><\/div><\/div>[\/vc_column][\/vc_row]<\/p>\n<\/div>","protected":false},"excerpt":{"rendered":"<p>[vc_row css_animation=&#8221;&#8221; row_type=&#8221;row&#8221; use_row_as_full_screen_section=&#8221;no&#8221; type=&#8221;grid&#8221; angled_section=&#8221;no&#8221; text_align=&#8221;left&#8221; background_image_as_pattern=&#8221;without_pattern&#8221; z_index=&#8221;&#8221; css=&#8221;.vc_custom_1556303263953{padding-top: 100px !important;padding-bottom: 120px !important;}&#8221;][vc_column width=&#8221;1\/2&#8243;][vc_column_text] Private Work &#8211; Hotel Reform If you are looking for a company to reform your hotel, you have found the company you need. We take care of everything you need&#8230;<\/p>\n","protected":false},"author":1,"featured_media":0,"parent":0,"menu_order":0,"comment_status":"closed","ping_status":"closed","template":"full_width.php","meta":{"rs_blank_template":"","rs_page_bg_color":"","slide_template_v7":"","footnotes":""},"class_list":["post-12322","page","type-page","status-publish","hentry"],"yoast_head":"<!-- This site is optimized with the Yoast SEO Premium plugin v24.9 (Yoast SEO v27.6) - https:\/\/yoast.com\/product\/yoast-seo-premium-wordpress\/ -->\n<title>Private Work - Hotel Refurbishment - Esclap\u00e9s e Hijos, S.L.<\/title>\n<meta name=\"robots\" content=\"index, follow, max-snippet:-1, max-image-preview:large, max-video-preview:-1\" \/>\n<link rel=\"canonical\" href=\"https:\/\/www.esclapes.com\/en\/private-work-hotel-refurbishment\/\" \/>\n<meta property=\"og:locale\" content=\"en_US\" \/>\n<meta property=\"og:type\" content=\"article\" \/>\n<meta property=\"og:title\" content=\"Private Work - Hotel Refurbishment\" \/>\n<meta property=\"og:description\" content=\"[vc_row css_animation=&#8221;&#8221; row_type=&#8221;row&#8221; use_row_as_full_screen_section=&#8221;no&#8221; type=&#8221;grid&#8221; angled_section=&#8221;no&#8221; text_align=&#8221;left&#8221; background_image_as_pattern=&#8221;without_pattern&#8221; z_index=&#8221;&#8221; css=&#8221;.vc_custom_1556303263953{padding-top: 100px !important;padding-bottom: 120px !important;}&#8221;][vc_column width=&#8221;1\/2&#8243;][vc_column_text] Private Work &#8211; Hotel Reform If you are looking for a company to reform your hotel, you have found the company you need. We take care of everything you need...\" \/>\n<meta property=\"og:url\" content=\"https:\/\/www.esclapes.com\/en\/private-work-hotel-refurbishment\/\" \/>\n<meta property=\"og:site_name\" content=\"Esclap\u00e9s e Hijos, S.L.\" \/>\n<meta property=\"article:modified_time\" content=\"2019-12-11T09:24:02+00:00\" \/>\n<meta name=\"twitter:card\" content=\"summary_large_image\" \/>\n<meta name=\"twitter:label1\" content=\"Est. reading time\" \/>\n\t<meta name=\"twitter:data1\" content=\"2 minutes\" \/>\n<script type=\"application\/ld+json\" class=\"yoast-schema-graph\">{\"@context\":\"https:\\\/\\\/schema.org\",\"@graph\":[{\"@type\":\"WebPage\",\"@id\":\"https:\\\/\\\/www.esclapes.com\\\/en\\\/private-work-hotel-refurbishment\\\/\",\"url\":\"https:\\\/\\\/www.esclapes.com\\\/en\\\/private-work-hotel-refurbishment\\\/\",\"name\":\"Private Work - Hotel Refurbishment - Esclap\u00e9s e Hijos, S.L.\",\"isPartOf\":{\"@id\":\"https:\\\/\\\/www.esclapes.com\\\/en\\\/#website\"},\"datePublished\":\"2019-11-07T08:23:02+00:00\",\"dateModified\":\"2019-12-11T09:24:02+00:00\",\"breadcrumb\":{\"@id\":\"https:\\\/\\\/www.esclapes.com\\\/en\\\/private-work-hotel-refurbishment\\\/#breadcrumb\"},\"inLanguage\":\"en-US\",\"potentialAction\":[{\"@type\":\"ReadAction\",\"target\":[\"https:\\\/\\\/www.esclapes.com\\\/en\\\/private-work-hotel-refurbishment\\\/\"]}]},{\"@type\":\"BreadcrumbList\",\"@id\":\"https:\\\/\\\/www.esclapes.com\\\/en\\\/private-work-hotel-refurbishment\\\/#breadcrumb\",\"itemListElement\":[{\"@type\":\"ListItem\",\"position\":1,\"name\":\"Portada\",\"item\":\"https:\\\/\\\/www.esclapes.com\\\/en\\\/\"},{\"@type\":\"ListItem\",\"position\":2,\"name\":\"Private Work &#8211; Hotel Refurbishment\"}]},{\"@type\":\"WebSite\",\"@id\":\"https:\\\/\\\/www.esclapes.com\\\/en\\\/#website\",\"url\":\"https:\\\/\\\/www.esclapes.com\\\/en\\\/\",\"name\":\"Esclap\u00e9s e Hijos, S.L.\",\"description\":\"Construcci\u00f3n de naves industriales y rehabilitaci\u00f3n de edificios, pilares, estructura, fachadas en todo tipo edificios. Ofrecemos buen precio y mejor calidad.\",\"publisher\":{\"@id\":\"https:\\\/\\\/www.esclapes.com\\\/en\\\/#organization\"},\"potentialAction\":[{\"@type\":\"SearchAction\",\"target\":{\"@type\":\"EntryPoint\",\"urlTemplate\":\"https:\\\/\\\/www.esclapes.com\\\/en\\\/?s={search_term_string}\"},\"query-input\":{\"@type\":\"PropertyValueSpecification\",\"valueRequired\":true,\"valueName\":\"search_term_string\"}}],\"inLanguage\":\"en-US\"},{\"@type\":[\"Organization\",\"Place\"],\"@id\":\"https:\\\/\\\/www.esclapes.com\\\/en\\\/#organization\",\"name\":\"Esclap\u00e9s e Hijos, S.L.\",\"alternateName\":\"Esclap\u00e9s e Hijos\",\"url\":\"https:\\\/\\\/www.esclapes.com\\\/en\\\/\",\"logo\":{\"@id\":\"https:\\\/\\\/www.esclapes.com\\\/en\\\/private-work-hotel-refurbishment\\\/#local-main-organization-logo\"},\"image\":{\"@id\":\"https:\\\/\\\/www.esclapes.com\\\/en\\\/private-work-hotel-refurbishment\\\/#local-main-organization-logo\"},\"sameAs\":[\"https:\\\/\\\/www.linkedin.com\\\/company\\\/11000369\\\/admin\\\/feed\\\/posts\\\/\",\"https:\\\/\\\/es.linkedin.com\\\/company\\\/esclaps-e-hijos-sl\"],\"openingHoursSpecification\":[{\"@type\":\"OpeningHoursSpecification\",\"dayOfWeek\":[\"Monday\",\"Tuesday\",\"Wednesday\",\"Thursday\",\"Friday\",\"Saturday\",\"Sunday\"],\"opens\":\"09:00\",\"closes\":\"17:00\"}]},{\"@type\":\"ImageObject\",\"inLanguage\":\"en-US\",\"@id\":\"https:\\\/\\\/www.esclapes.com\\\/en\\\/private-work-hotel-refurbishment\\\/#local-main-organization-logo\",\"url\":\"https:\\\/\\\/www.esclapes.com\\\/wp-content\\\/uploads\\\/2023\\\/07\\\/ESCLAPES-LOGO-CUADRADO.png\",\"contentUrl\":\"https:\\\/\\\/www.esclapes.com\\\/wp-content\\\/uploads\\\/2023\\\/07\\\/ESCLAPES-LOGO-CUADRADO.png\",\"width\":1191,\"height\":1191,\"caption\":\"Esclap\u00e9s e Hijos, S.L.\"}]}<\/script>\n<!-- \/ Yoast SEO Premium plugin. -->","yoast_head_json":{"title":"Private Work - Hotel Refurbishment - Esclap\u00e9s e Hijos, S.L.","robots":{"index":"index","follow":"follow","max-snippet":"max-snippet:-1","max-image-preview":"max-image-preview:large","max-video-preview":"max-video-preview:-1"},"canonical":"https:\/\/www.esclapes.com\/en\/private-work-hotel-refurbishment\/","og_locale":"en_US","og_type":"article","og_title":"Private Work - Hotel Refurbishment","og_description":"[vc_row css_animation=&#8221;&#8221; row_type=&#8221;row&#8221; use_row_as_full_screen_section=&#8221;no&#8221; type=&#8221;grid&#8221; angled_section=&#8221;no&#8221; text_align=&#8221;left&#8221; background_image_as_pattern=&#8221;without_pattern&#8221; z_index=&#8221;&#8221; css=&#8221;.vc_custom_1556303263953{padding-top: 100px !important;padding-bottom: 120px !important;}&#8221;][vc_column width=&#8221;1\/2&#8243;][vc_column_text] Private Work &#8211; Hotel Reform If you are looking for a company to reform your hotel, you have found the company you need. We take care of everything you need...","og_url":"https:\/\/www.esclapes.com\/en\/private-work-hotel-refurbishment\/","og_site_name":"Esclap\u00e9s e Hijos, S.L.","article_modified_time":"2019-12-11T09:24:02+00:00","twitter_card":"summary_large_image","twitter_misc":{"Est. reading time":"2 minutes"},"schema":{"@context":"https:\/\/schema.org","@graph":[{"@type":"WebPage","@id":"https:\/\/www.esclapes.com\/en\/private-work-hotel-refurbishment\/","url":"https:\/\/www.esclapes.com\/en\/private-work-hotel-refurbishment\/","name":"Private Work - Hotel Refurbishment - Esclap\u00e9s e Hijos, S.L.","isPartOf":{"@id":"https:\/\/www.esclapes.com\/en\/#website"},"datePublished":"2019-11-07T08:23:02+00:00","dateModified":"2019-12-11T09:24:02+00:00","breadcrumb":{"@id":"https:\/\/www.esclapes.com\/en\/private-work-hotel-refurbishment\/#breadcrumb"},"inLanguage":"en-US","potentialAction":[{"@type":"ReadAction","target":["https:\/\/www.esclapes.com\/en\/private-work-hotel-refurbishment\/"]}]},{"@type":"BreadcrumbList","@id":"https:\/\/www.esclapes.com\/en\/private-work-hotel-refurbishment\/#breadcrumb","itemListElement":[{"@type":"ListItem","position":1,"name":"Portada","item":"https:\/\/www.esclapes.com\/en\/"},{"@type":"ListItem","position":2,"name":"Private Work &#8211; Hotel Refurbishment"}]},{"@type":"WebSite","@id":"https:\/\/www.esclapes.com\/en\/#website","url":"https:\/\/www.esclapes.com\/en\/","name":"Esclap\u00e9s e Hijos, S.L.","description":"Construcci\u00f3n de naves industriales y rehabilitaci\u00f3n de edificios, pilares, estructura, fachadas en todo tipo edificios. Ofrecemos buen precio y mejor calidad.","publisher":{"@id":"https:\/\/www.esclapes.com\/en\/#organization"},"potentialAction":[{"@type":"SearchAction","target":{"@type":"EntryPoint","urlTemplate":"https:\/\/www.esclapes.com\/en\/?s={search_term_string}"},"query-input":{"@type":"PropertyValueSpecification","valueRequired":true,"valueName":"search_term_string"}}],"inLanguage":"en-US"},{"@type":["Organization","Place"],"@id":"https:\/\/www.esclapes.com\/en\/#organization","name":"Esclap\u00e9s e Hijos, S.L.","alternateName":"Esclap\u00e9s e Hijos","url":"https:\/\/www.esclapes.com\/en\/","logo":{"@id":"https:\/\/www.esclapes.com\/en\/private-work-hotel-refurbishment\/#local-main-organization-logo"},"image":{"@id":"https:\/\/www.esclapes.com\/en\/private-work-hotel-refurbishment\/#local-main-organization-logo"},"sameAs":["https:\/\/www.linkedin.com\/company\/11000369\/admin\/feed\/posts\/","https:\/\/es.linkedin.com\/company\/esclaps-e-hijos-sl"],"openingHoursSpecification":[{"@type":"OpeningHoursSpecification","dayOfWeek":["Monday","Tuesday","Wednesday","Thursday","Friday","Saturday","Sunday"],"opens":"09:00","closes":"17:00"}]},{"@type":"ImageObject","inLanguage":"en-US","@id":"https:\/\/www.esclapes.com\/en\/private-work-hotel-refurbishment\/#local-main-organization-logo","url":"https:\/\/www.esclapes.com\/wp-content\/uploads\/2023\/07\/ESCLAPES-LOGO-CUADRADO.png","contentUrl":"https:\/\/www.esclapes.com\/wp-content\/uploads\/2023\/07\/ESCLAPES-LOGO-CUADRADO.png","width":1191,"height":1191,"caption":"Esclap\u00e9s e Hijos, S.L."}]}},"_links":{"self":[{"href":"https:\/\/www.esclapes.com\/en\/wp-json\/wp\/v2\/pages\/12322","targetHints":{"allow":["GET"]}}],"collection":[{"href":"https:\/\/www.esclapes.com\/en\/wp-json\/wp\/v2\/pages"}],"about":[{"href":"https:\/\/www.esclapes.com\/en\/wp-json\/wp\/v2\/types\/page"}],"author":[{"embeddable":true,"href":"https:\/\/www.esclapes.com\/en\/wp-json\/wp\/v2\/users\/1"}],"replies":[{"embeddable":true,"href":"https:\/\/www.esclapes.com\/en\/wp-json\/wp\/v2\/comments?post=12322"}],"version-history":[{"count":0,"href":"https:\/\/www.esclapes.com\/en\/wp-json\/wp\/v2\/pages\/12322\/revisions"}],"wp:attachment":[{"href":"https:\/\/www.esclapes.com\/en\/wp-json\/wp\/v2\/media?parent=12322"}],"curies":[{"name":"wp","href":"https:\/\/api.w.org\/{rel}","templated":true}]}}