{"id":12317,"date":"2019-11-07T09:17:01","date_gmt":"2019-11-07T08:17:01","guid":{"rendered":"https:\/\/www.esclapes.com\/?page_id=12317"},"modified":"2021-10-01T17:56:58","modified_gmt":"2021-10-01T15:56:58","slug":"clients","status":"publish","type":"page","link":"https:\/\/www.esclapes.com\/en\/clients\/","title":{"rendered":"Clients"},"content":{"rendered":"<div class=\"wpb-content-wrapper\"><p>[vc_row css_animation=&#8221;&#8221; row_type=&#8221;row&#8221; use_row_as_full_screen_section=&#8221;no&#8221; type=&#8221;full_width&#8221; angled_section=&#8221;no&#8221; text_align=&#8221;left&#8221; background_image_as_pattern=&#8221;without_pattern&#8221;][vc_column][qode_clients columns=&#8221;four_columns&#8221; hover_effect=&#8221;default&#8221; disable_separators=&#8221;&#8221;][qode_client image=&#8221;25160&#8243;][qode_client image=&#8221;25164&#8243;][qode_client image=&#8221;8244&#8243;][qode_client image=&#8221;8240&#8243;][qode_client image=&#8221;8246&#8243;][qode_client image=&#8221;8242&#8243;][qode_client image=&#8221;8251&#8243;][qode_client image=&#8221;25168&#8243;][qode_client image=&#8221;8255&#8243;][qode_client image=&#8221;8264&#8243;][qode_client image=&#8221;8253&#8243;][qode_client image=&#8221;8545&#8243;][qode_client image=&#8221;8543&#8243;][qode_client image=&#8221;8547&#8243;][qode_client image=&#8221;8549&#8243;][qode_client image=&#8221;8552&#8243;][qode_client image=&#8221;8554&#8243;][qode_client image=&#8221;8558&#8243;][qode_client image=&#8221;8561&#8243;][qode_client image=&#8221;8567&#8243;][qode_client image=&#8221;8565&#8243;][qode_client image=&#8221;8563&#8243;][qode_client image=&#8221;8574&#8243;][qode_client image=&#8221;8570&#8243;][qode_client image=&#8221;8572&#8243;][qode_client image=&#8221;8576&#8243;][qode_client image=&#8221;8579&#8243;][qode_client image=&#8221;8585&#8243;][qode_client image=&#8221;8588&#8243;][qode_client image=&#8221;8638&#8243;][qode_client image=&#8221;8591&#8243;][qode_client image=&#8221;8593&#8243;][qode_client image=&#8221;8595&#8243;][qode_client image=&#8221;8597&#8243;][qode_client image=&#8221;8600&#8243;][qode_client image=&#8221;8604&#8243;][qode_client image=&#8221;8602&#8243;][qode_client image=&#8221;8606&#8243;][qode_client image=&#8221;8613&#8243;][qode_client image=&#8221;8611&#8243;][qode_client image=&#8221;8615&#8243;][qode_client image=&#8221;8609&#8243;][qode_client image=&#8221;8622&#8243;][qode_client image=&#8221;8626&#8243;][qode_client image=&#8221;8620&#8243;][qode_client image=&#8221;8624&#8243;][qode_client image=&#8221;8618&#8243;][qode_client image=&#8221;25162&#8243;][qode_client image=&#8221;25166&#8243;][qode_client image=&#8221;25170&#8243;][qode_client image=&#8221;25172&#8243;][qode_client image=&#8221;25174&#8243;][qode_client image=&#8221;25176&#8243;][qode_client image=&#8221;25178&#8243;][qode_client image=&#8221;25180&#8243;][qode_client image=&#8221;25182&#8243;][qode_client image=&#8221;25184&#8243;][\/qode_clients][\/vc_column][\/vc_row]<\/p>\n<\/div>","protected":false},"excerpt":{"rendered":"<p>[vc_row css_animation=&#8221;&#8221; row_type=&#8221;row&#8221; use_row_as_full_screen_section=&#8221;no&#8221; type=&#8221;full_width&#8221; angled_section=&#8221;no&#8221; text_align=&#8221;left&#8221; background_image_as_pattern=&#8221;without_pattern&#8221;][vc_column][qode_clients columns=&#8221;four_columns&#8221; hover_effect=&#8221;default&#8221; disable_separators=&#8221;&#8221;][qode_client image=&#8221;25160&#8243;][qode_client image=&#8221;25164&#8243;][qode_client image=&#8221;8244&#8243;][qode_client image=&#8221;8240&#8243;][qode_client image=&#8221;8246&#8243;][qode_client image=&#8221;8242&#8243;][qode_client image=&#8221;8251&#8243;][qode_client image=&#8221;25168&#8243;][qode_client image=&#8221;8255&#8243;][qode_client image=&#8221;8264&#8243;][qode_client image=&#8221;8253&#8243;][qode_client image=&#8221;8545&#8243;][qode_client image=&#8221;8543&#8243;][qode_client image=&#8221;8547&#8243;][qode_client image=&#8221;8549&#8243;][qode_client image=&#8221;8552&#8243;][qode_client image=&#8221;8554&#8243;][qode_client image=&#8221;8558&#8243;][qode_client image=&#8221;8561&#8243;][qode_client image=&#8221;8567&#8243;][qode_client image=&#8221;8565&#8243;][qode_client image=&#8221;8563&#8243;][qode_client image=&#8221;8574&#8243;][qode_client image=&#8221;8570&#8243;][qode_client image=&#8221;8572&#8243;][qode_client image=&#8221;8576&#8243;][qode_client image=&#8221;8579&#8243;][qode_client image=&#8221;8585&#8243;][qode_client image=&#8221;8588&#8243;][qode_client image=&#8221;8638&#8243;][qode_client image=&#8221;8591&#8243;][qode_client image=&#8221;8593&#8243;][qode_client image=&#8221;8595&#8243;][qode_client image=&#8221;8597&#8243;][qode_client&#8230;<\/p>\n","protected":false},"author":1,"featured_media":0,"parent":0,"menu_order":0,"comment_status":"closed","ping_status":"closed","template":"","meta":{"rs_blank_template":"","rs_page_bg_color":"#ffffff","slide_template_v7":"","footnotes":""},"class_list":["post-12317","page","type-page","status-publish","hentry"],"yoast_head":"<!-- This site is optimized with the Yoast SEO Premium plugin v24.9 (Yoast SEO v27.4) - https:\/\/yoast.com\/product\/yoast-seo-premium-wordpress\/ -->\n<title>Clients - Esclap\u00e9s e Hijos, S.L.<\/title>\n<meta name=\"robots\" content=\"index, follow, max-snippet:-1, max-image-preview:large, max-video-preview:-1\" \/>\n<link rel=\"canonical\" href=\"https:\/\/www.esclapes.com\/en\/clients\/\" \/>\n<meta property=\"og:locale\" content=\"en_US\" \/>\n<meta property=\"og:type\" content=\"article\" \/>\n<meta property=\"og:title\" content=\"Clients\" \/>\n<meta property=\"og:description\" content=\"[vc_row css_animation=&#8221;&#8221; row_type=&#8221;row&#8221; use_row_as_full_screen_section=&#8221;no&#8221; type=&#8221;full_width&#8221; angled_section=&#8221;no&#8221; text_align=&#8221;left&#8221; background_image_as_pattern=&#8221;without_pattern&#8221;][vc_column][qode_clients columns=&#8221;four_columns&#8221; hover_effect=&#8221;default&#8221; disable_separators=&#8221;&#8221;][qode_client image=&#8221;25160&#8243;][qode_client image=&#8221;25164&#8243;][qode_client image=&#8221;8244&#8243;][qode_client image=&#8221;8240&#8243;][qode_client image=&#8221;8246&#8243;][qode_client image=&#8221;8242&#8243;][qode_client image=&#8221;8251&#8243;][qode_client image=&#8221;25168&#8243;][qode_client image=&#8221;8255&#8243;][qode_client image=&#8221;8264&#8243;][qode_client image=&#8221;8253&#8243;][qode_client image=&#8221;8545&#8243;][qode_client image=&#8221;8543&#8243;][qode_client image=&#8221;8547&#8243;][qode_client image=&#8221;8549&#8243;][qode_client image=&#8221;8552&#8243;][qode_client image=&#8221;8554&#8243;][qode_client image=&#8221;8558&#8243;][qode_client image=&#8221;8561&#8243;][qode_client image=&#8221;8567&#8243;][qode_client image=&#8221;8565&#8243;][qode_client image=&#8221;8563&#8243;][qode_client image=&#8221;8574&#8243;][qode_client image=&#8221;8570&#8243;][qode_client image=&#8221;8572&#8243;][qode_client image=&#8221;8576&#8243;][qode_client image=&#8221;8579&#8243;][qode_client image=&#8221;8585&#8243;][qode_client image=&#8221;8588&#8243;][qode_client image=&#8221;8638&#8243;][qode_client image=&#8221;8591&#8243;][qode_client image=&#8221;8593&#8243;][qode_client image=&#8221;8595&#8243;][qode_client image=&#8221;8597&#8243;][qode_client...\" \/>\n<meta property=\"og:url\" content=\"https:\/\/www.esclapes.com\/en\/clients\/\" \/>\n<meta property=\"og:site_name\" content=\"Esclap\u00e9s e Hijos, S.L.\" \/>\n<meta property=\"article:modified_time\" content=\"2021-10-01T15:56:58+00:00\" \/>\n<meta name=\"twitter:card\" content=\"summary_large_image\" \/>\n<meta name=\"twitter:label1\" content=\"Est. reading time\" \/>\n\t<meta name=\"twitter:data1\" content=\"1 minute\" \/>\n<script type=\"application\/ld+json\" class=\"yoast-schema-graph\">{\"@context\":\"https:\\\/\\\/schema.org\",\"@graph\":[{\"@type\":\"WebPage\",\"@id\":\"https:\\\/\\\/www.esclapes.com\\\/en\\\/clients\\\/\",\"url\":\"https:\\\/\\\/www.esclapes.com\\\/en\\\/clients\\\/\",\"name\":\"Clients - Esclap\u00e9s e Hijos, S.L.\",\"isPartOf\":{\"@id\":\"https:\\\/\\\/www.esclapes.com\\\/en\\\/#website\"},\"datePublished\":\"2019-11-07T08:17:01+00:00\",\"dateModified\":\"2021-10-01T15:56:58+00:00\",\"breadcrumb\":{\"@id\":\"https:\\\/\\\/www.esclapes.com\\\/en\\\/clients\\\/#breadcrumb\"},\"inLanguage\":\"en-US\",\"potentialAction\":[{\"@type\":\"ReadAction\",\"target\":[\"https:\\\/\\\/www.esclapes.com\\\/en\\\/clients\\\/\"]}]},{\"@type\":\"BreadcrumbList\",\"@id\":\"https:\\\/\\\/www.esclapes.com\\\/en\\\/clients\\\/#breadcrumb\",\"itemListElement\":[{\"@type\":\"ListItem\",\"position\":1,\"name\":\"Portada\",\"item\":\"https:\\\/\\\/www.esclapes.com\\\/en\\\/\"},{\"@type\":\"ListItem\",\"position\":2,\"name\":\"Clients\"}]},{\"@type\":\"WebSite\",\"@id\":\"https:\\\/\\\/www.esclapes.com\\\/en\\\/#website\",\"url\":\"https:\\\/\\\/www.esclapes.com\\\/en\\\/\",\"name\":\"Esclap\u00e9s e Hijos, S.L.\",\"description\":\"Construcci\u00f3n de naves industriales y rehabilitaci\u00f3n de edificios, pilares, estructura, fachadas en todo tipo edificios. Ofrecemos buen precio y mejor calidad.\",\"publisher\":{\"@id\":\"https:\\\/\\\/www.esclapes.com\\\/en\\\/#organization\"},\"potentialAction\":[{\"@type\":\"SearchAction\",\"target\":{\"@type\":\"EntryPoint\",\"urlTemplate\":\"https:\\\/\\\/www.esclapes.com\\\/en\\\/?s={search_term_string}\"},\"query-input\":{\"@type\":\"PropertyValueSpecification\",\"valueRequired\":true,\"valueName\":\"search_term_string\"}}],\"inLanguage\":\"en-US\"},{\"@type\":[\"Organization\",\"Place\"],\"@id\":\"https:\\\/\\\/www.esclapes.com\\\/en\\\/#organization\",\"name\":\"Esclap\u00e9s e Hijos, S.L.\",\"alternateName\":\"Esclap\u00e9s e Hijos\",\"url\":\"https:\\\/\\\/www.esclapes.com\\\/en\\\/\",\"logo\":{\"@id\":\"https:\\\/\\\/www.esclapes.com\\\/en\\\/clients\\\/#local-main-organization-logo\"},\"image\":{\"@id\":\"https:\\\/\\\/www.esclapes.com\\\/en\\\/clients\\\/#local-main-organization-logo\"},\"sameAs\":[\"https:\\\/\\\/www.linkedin.com\\\/company\\\/11000369\\\/admin\\\/feed\\\/posts\\\/\",\"https:\\\/\\\/es.linkedin.com\\\/company\\\/esclaps-e-hijos-sl\"],\"openingHoursSpecification\":[{\"@type\":\"OpeningHoursSpecification\",\"dayOfWeek\":[\"Monday\",\"Tuesday\",\"Wednesday\",\"Thursday\",\"Friday\",\"Saturday\",\"Sunday\"],\"opens\":\"09:00\",\"closes\":\"17:00\"}]},{\"@type\":\"ImageObject\",\"inLanguage\":\"en-US\",\"@id\":\"https:\\\/\\\/www.esclapes.com\\\/en\\\/clients\\\/#local-main-organization-logo\",\"url\":\"https:\\\/\\\/www.esclapes.com\\\/wp-content\\\/uploads\\\/2023\\\/07\\\/ESCLAPES-LOGO-CUADRADO.png\",\"contentUrl\":\"https:\\\/\\\/www.esclapes.com\\\/wp-content\\\/uploads\\\/2023\\\/07\\\/ESCLAPES-LOGO-CUADRADO.png\",\"width\":1191,\"height\":1191,\"caption\":\"Esclap\u00e9s e Hijos, S.L.\"}]}<\/script>\n<!-- \/ Yoast SEO Premium plugin. -->","yoast_head_json":{"title":"Clients - Esclap\u00e9s e Hijos, S.L.","robots":{"index":"index","follow":"follow","max-snippet":"max-snippet:-1","max-image-preview":"max-image-preview:large","max-video-preview":"max-video-preview:-1"},"canonical":"https:\/\/www.esclapes.com\/en\/clients\/","og_locale":"en_US","og_type":"article","og_title":"Clients","og_description":"[vc_row css_animation=&#8221;&#8221; row_type=&#8221;row&#8221; use_row_as_full_screen_section=&#8221;no&#8221; type=&#8221;full_width&#8221; angled_section=&#8221;no&#8221; text_align=&#8221;left&#8221; background_image_as_pattern=&#8221;without_pattern&#8221;][vc_column][qode_clients columns=&#8221;four_columns&#8221; hover_effect=&#8221;default&#8221; disable_separators=&#8221;&#8221;][qode_client image=&#8221;25160&#8243;][qode_client image=&#8221;25164&#8243;][qode_client image=&#8221;8244&#8243;][qode_client image=&#8221;8240&#8243;][qode_client image=&#8221;8246&#8243;][qode_client image=&#8221;8242&#8243;][qode_client image=&#8221;8251&#8243;][qode_client image=&#8221;25168&#8243;][qode_client image=&#8221;8255&#8243;][qode_client image=&#8221;8264&#8243;][qode_client image=&#8221;8253&#8243;][qode_client image=&#8221;8545&#8243;][qode_client image=&#8221;8543&#8243;][qode_client image=&#8221;8547&#8243;][qode_client image=&#8221;8549&#8243;][qode_client image=&#8221;8552&#8243;][qode_client image=&#8221;8554&#8243;][qode_client image=&#8221;8558&#8243;][qode_client image=&#8221;8561&#8243;][qode_client image=&#8221;8567&#8243;][qode_client image=&#8221;8565&#8243;][qode_client image=&#8221;8563&#8243;][qode_client image=&#8221;8574&#8243;][qode_client image=&#8221;8570&#8243;][qode_client image=&#8221;8572&#8243;][qode_client image=&#8221;8576&#8243;][qode_client image=&#8221;8579&#8243;][qode_client image=&#8221;8585&#8243;][qode_client image=&#8221;8588&#8243;][qode_client image=&#8221;8638&#8243;][qode_client image=&#8221;8591&#8243;][qode_client image=&#8221;8593&#8243;][qode_client image=&#8221;8595&#8243;][qode_client image=&#8221;8597&#8243;][qode_client...","og_url":"https:\/\/www.esclapes.com\/en\/clients\/","og_site_name":"Esclap\u00e9s e Hijos, S.L.","article_modified_time":"2021-10-01T15:56:58+00:00","twitter_card":"summary_large_image","twitter_misc":{"Est. reading time":"1 minute"},"schema":{"@context":"https:\/\/schema.org","@graph":[{"@type":"WebPage","@id":"https:\/\/www.esclapes.com\/en\/clients\/","url":"https:\/\/www.esclapes.com\/en\/clients\/","name":"Clients - Esclap\u00e9s e Hijos, S.L.","isPartOf":{"@id":"https:\/\/www.esclapes.com\/en\/#website"},"datePublished":"2019-11-07T08:17:01+00:00","dateModified":"2021-10-01T15:56:58+00:00","breadcrumb":{"@id":"https:\/\/www.esclapes.com\/en\/clients\/#breadcrumb"},"inLanguage":"en-US","potentialAction":[{"@type":"ReadAction","target":["https:\/\/www.esclapes.com\/en\/clients\/"]}]},{"@type":"BreadcrumbList","@id":"https:\/\/www.esclapes.com\/en\/clients\/#breadcrumb","itemListElement":[{"@type":"ListItem","position":1,"name":"Portada","item":"https:\/\/www.esclapes.com\/en\/"},{"@type":"ListItem","position":2,"name":"Clients"}]},{"@type":"WebSite","@id":"https:\/\/www.esclapes.com\/en\/#website","url":"https:\/\/www.esclapes.com\/en\/","name":"Esclap\u00e9s e Hijos, S.L.","description":"Construcci\u00f3n de naves industriales y rehabilitaci\u00f3n de edificios, pilares, estructura, fachadas en todo tipo edificios. Ofrecemos buen precio y mejor calidad.","publisher":{"@id":"https:\/\/www.esclapes.com\/en\/#organization"},"potentialAction":[{"@type":"SearchAction","target":{"@type":"EntryPoint","urlTemplate":"https:\/\/www.esclapes.com\/en\/?s={search_term_string}"},"query-input":{"@type":"PropertyValueSpecification","valueRequired":true,"valueName":"search_term_string"}}],"inLanguage":"en-US"},{"@type":["Organization","Place"],"@id":"https:\/\/www.esclapes.com\/en\/#organization","name":"Esclap\u00e9s e Hijos, S.L.","alternateName":"Esclap\u00e9s e Hijos","url":"https:\/\/www.esclapes.com\/en\/","logo":{"@id":"https:\/\/www.esclapes.com\/en\/clients\/#local-main-organization-logo"},"image":{"@id":"https:\/\/www.esclapes.com\/en\/clients\/#local-main-organization-logo"},"sameAs":["https:\/\/www.linkedin.com\/company\/11000369\/admin\/feed\/posts\/","https:\/\/es.linkedin.com\/company\/esclaps-e-hijos-sl"],"openingHoursSpecification":[{"@type":"OpeningHoursSpecification","dayOfWeek":["Monday","Tuesday","Wednesday","Thursday","Friday","Saturday","Sunday"],"opens":"09:00","closes":"17:00"}]},{"@type":"ImageObject","inLanguage":"en-US","@id":"https:\/\/www.esclapes.com\/en\/clients\/#local-main-organization-logo","url":"https:\/\/www.esclapes.com\/wp-content\/uploads\/2023\/07\/ESCLAPES-LOGO-CUADRADO.png","contentUrl":"https:\/\/www.esclapes.com\/wp-content\/uploads\/2023\/07\/ESCLAPES-LOGO-CUADRADO.png","width":1191,"height":1191,"caption":"Esclap\u00e9s e Hijos, S.L."}]}},"_links":{"self":[{"href":"https:\/\/www.esclapes.com\/en\/wp-json\/wp\/v2\/pages\/12317","targetHints":{"allow":["GET"]}}],"collection":[{"href":"https:\/\/www.esclapes.com\/en\/wp-json\/wp\/v2\/pages"}],"about":[{"href":"https:\/\/www.esclapes.com\/en\/wp-json\/wp\/v2\/types\/page"}],"author":[{"embeddable":true,"href":"https:\/\/www.esclapes.com\/en\/wp-json\/wp\/v2\/users\/1"}],"replies":[{"embeddable":true,"href":"https:\/\/www.esclapes.com\/en\/wp-json\/wp\/v2\/comments?post=12317"}],"version-history":[{"count":0,"href":"https:\/\/www.esclapes.com\/en\/wp-json\/wp\/v2\/pages\/12317\/revisions"}],"wp:attachment":[{"href":"https:\/\/www.esclapes.com\/en\/wp-json\/wp\/v2\/media?parent=12317"}],"curies":[{"name":"wp","href":"https:\/\/api.w.org\/{rel}","templated":true}]}}